{"id":43,"date":"2020-12-18T13:00:58","date_gmt":"2020-12-18T16:00:58","guid":{"rendered":"http:\/\/acessopontotech.com.br\/index.php\/product\/import-placeholder-for-464\/"},"modified":"2020-12-18T13:02:08","modified_gmt":"2020-12-18T16:02:08","slug":"modulo-wireless-henry","status":"publish","type":"product","link":"https:\/\/acessopontotech.com.br\/index.php\/product\/modulo-wireless-henry\/","title":{"rendered":"M\u00d3DULO WIRELESS &#8211; HENRY"},"content":{"rendered":"<p><strong>Mec\u00e2nica<\/strong><\/p>\n<p>\u2022 Altura: 40 mm;<\/p>\n<p>\u2022 Comprimento: 90 mm;<\/p>\n<p>\u2022 Largura: 82 mm;<\/p>\n<p>\u2022 Peso: 153 g.<\/p>\n<p><strong>El\u00e9trica<\/strong><\/p>\n<p>\u2022 Consumo de corrente: 7,5 mA;<\/p>\n<p>\u2022 Fonte de alimenta\u00e7\u00e3o externa: 5 VDC.<\/p>\n<p><strong>Caracter\u00edsticas<\/strong><\/p>\n<p>\u2022 Torna poss\u00edvel a comunica\u00e7\u00e3o de todos os produtos informatizados Henry via rede Wireless;<\/p>\n<p>\u2022 Possui alta velocidade na comunica\u00e7\u00e3o e sua utiliza\u00e7\u00e3o \u00e9 f\u00e1cil, sendo necess\u00e1rio apenas &#8220;conectar&#8221; o m\u00f3dulo no equipamento e utiliz\u00e1-lo;<\/p>\n<p>\u2022 Conex\u00e3o Wireless de at\u00e9 108 Mbps;<\/p>\n<p>\u2022 Disp\u00f5e de criptografia dos dados para aumentar os n\u00edveis de seguran\u00e7a da sua rede existente;<\/p>\n<p>\u2022 Possui antena destac\u00e1vel;<\/p>\n<p>\u2022 Proporciona mais op\u00e7\u00f5es de conectividade com v\u00e1rios equipamentos de forma f\u00e1cil e r\u00e1pida.Operacional<\/p>\n<p>\u2022 Padr\u00f5es: IEEE 802.11g, IEEE 802.11b, IEEE 802.3, IEEE 802.3u;<\/p>\n<p>\u2022 Sinal Wireless: para 802.11g; 108, 54, 48, 36, 24, 18, 12, 9, e 6 Mbps. Para 802.11b; 11, 5.5, e 11 Mbps;<\/p>\n<p>\u2022 Dist\u00e2ncia de opera\u00e7\u00e3o: em local fechado: 100 metros. Em local aberto: 400 metros;\u2022 Escala de frequ\u00eancia Wireless: 2.4 GHz a 2.4835 GHz;<\/p>\n<p>\u2022 Antena com ganho de 1.0 dB com conector SMA inverso;<\/p>\n<p>\u2022 Pot\u00eancia de transmiss\u00e3o Wireless: 15 dBm (32 mW) \u00b1 2dB;<\/p>\n<p>\u2022 Sensibilidade de recep\u00e7\u00e3o dos dados: de 54 Mbps a 1 Mbps;<\/p>\n<p>\u2022 Portas: RJ45 (10\/100BASE &#8211; TX com Auto MDI\/MDIX).Ambiente<\/p>\n<p>\u2022 Temperatura de opera\u00e7\u00e3o: -15\u00b0C a 55\u00b0C (sem condensa\u00e7\u00e3o);<\/p>\n<p>\u2022 Temperatura para estocagem: -20\u00b0C a 60\u00b0C;<\/p>\n<p>\u2022 Faixa de umidade para funcionamento: 0 a 95%;<\/p>\n<p>\u2022 N\u00edvel aceit\u00e1vel de luz para funcionamento: 3.000 Lux.<\/p>\n<p>\u2022 Altura: 40 mm;<\/p>\n<p>\u2022 Comprimento: 90 mm;<\/p>\n<p>\u2022 Largura: 82 mm;<\/p>\n<p>\u2022 Peso: 153 g.El\u00e9trica<\/p>\n<p>\u2022 Consumo de corrente: 7,5 mA;<\/p>\n<p>\u2022 Fonte de alimenta\u00e7\u00e3o externa: 5 VDC.<\/p>\n","protected":false},"excerpt":{"rendered":"<p>Torna poss\u00edvel a comunica\u00e7\u00e3o de todos os produtos informatizados Henry via rede Wireless.<br \/>\nPossui alta velocidade na comunica\u00e7\u00e3o e sua utiliza\u00e7\u00e3o \u00e9 f\u00e1cil sendo necess\u00e1rio apenas &#8220;conectar&#8221; o m\u00f3dulo no equipamento e utiliz\u00e1-lo.<br \/>\nConex\u00e3o Wireless de at\u00e9 108 Mbps.<br \/>\nDisp\u00f5e de criptografia dos dados para aumentar os n\u00edveis de seguran\u00e7a da sua rede existente.<br \/>\nPossui antena destac\u00e1vel.<br \/>\nProporciona mais op\u00e7\u00f5es de conectividade com v\u00e1rios equipamentos de forma f\u00e1cil e r\u00e1pida.<\/p>\n","protected":false},"featured_media":104,"template":"","meta":{"_joinchat":[]},"product_cat":[18,16],"product_tag":[],"class_list":{"0":"post-43","1":"product","2":"type-product","3":"status-publish","4":"has-post-thumbnail","6":"product_cat-acessorios","7":"product_cat-controle-de-ponto","9":"first","10":"instock","11":"shipping-taxable","12":"purchasable","13":"product-type-simple"},"_links":{"self":[{"href":"https:\/\/acessopontotech.com.br\/index.php\/wp-json\/wp\/v2\/product\/43","targetHints":{"allow":["GET"]}}],"collection":[{"href":"https:\/\/acessopontotech.com.br\/index.php\/wp-json\/wp\/v2\/product"}],"about":[{"href":"https:\/\/acessopontotech.com.br\/index.php\/wp-json\/wp\/v2\/types\/product"}],"version-history":[{"count":0,"href":"https:\/\/acessopontotech.com.br\/index.php\/wp-json\/wp\/v2\/product\/43\/revisions"}],"wp:featuredmedia":[{"embeddable":true,"href":"https:\/\/acessopontotech.com.br\/index.php\/wp-json\/wp\/v2\/media\/104"}],"wp:attachment":[{"href":"https:\/\/acessopontotech.com.br\/index.php\/wp-json\/wp\/v2\/media?parent=43"}],"wp:term":[{"taxonomy":"product_cat","embeddable":true,"href":"https:\/\/acessopontotech.com.br\/index.php\/wp-json\/wp\/v2\/product_cat?post=43"},{"taxonomy":"product_tag","embeddable":true,"href":"https:\/\/acessopontotech.com.br\/index.php\/wp-json\/wp\/v2\/product_tag?post=43"}],"curies":[{"name":"wp","href":"https:\/\/api.w.org\/{rel}","templated":true}]}}