{"id":44,"date":"2020-12-18T13:00:58","date_gmt":"2020-12-18T16:00:58","guid":{"rendered":"http:\/\/acessopontotech.com.br\/index.php\/product\/import-placeholder-for-466\/"},"modified":"2020-12-18T13:02:14","modified_gmt":"2020-12-18T16:02:14","slug":"sirene-rotativa-para-relogio-de-ponto-e-sinaleiro","status":"publish","type":"product","link":"https:\/\/acessopontotech.com.br\/index.php\/product\/sirene-rotativa-para-relogio-de-ponto-e-sinaleiro\/","title":{"rendered":"SIRENE ROTATIVA &#8211; PARA REL\u00d3GIO DE PONTO E SINALEIRO"},"content":{"rendered":"<ul>\n<li>110v ou 220v\u00a0 \u2013 115 decib\u00e9is\u00a0 \u2013 preta<\/li>\n<li>Rotativa\u00a0 com som\u00a0 cont\u00ednuo<\/li>\n<li>Ideal para uso na maioria dos rel\u00f3gios de ponto do mercado<\/li>\n<li>Podendo sinalizar hor\u00e1rios de entrada e sa\u00edda dos funcion\u00e1rios<\/li>\n<\/ul>\n<p>&nbsp;<\/p>\n","protected":false},"excerpt":{"rendered":"<p>Sirene Rotativa Mec\u00e2nica Som Tipo Viatura 3715 &#8211; DNI Vantagem econ\u00f4mica sobre os similares e anteriores produtos existentes no mercado. Como tamb\u00e9m no modelo muito mais compacto. Dispon\u00edvel em 110V e 220V. Utiliza\u00e7\u00e3o em sistemas de alarmes patrimoniais sem uso de fonte, sistema de aviso de inc\u00eandio, em rel\u00f3gios de ponto corporativos, em rel\u00f3gios de avisos escolares. Fabricado com motor rotativo e material pl\u00e1stico ABS, n\u00e3o necessita de fonte estabilizada, disparo direto pela energia.<\/p>\n","protected":false},"featured_media":105,"template":"","meta":{"_joinchat":[]},"product_cat":[18,16],"product_tag":[],"class_list":{"0":"post-44","1":"product","2":"type-product","3":"status-publish","4":"has-post-thumbnail","6":"product_cat-acessorios","7":"product_cat-controle-de-ponto","9":"first","10":"instock","11":"shipping-taxable","12":"purchasable","13":"product-type-simple"},"_links":{"self":[{"href":"https:\/\/acessopontotech.com.br\/index.php\/wp-json\/wp\/v2\/product\/44","targetHints":{"allow":["GET"]}}],"collection":[{"href":"https:\/\/acessopontotech.com.br\/index.php\/wp-json\/wp\/v2\/product"}],"about":[{"href":"https:\/\/acessopontotech.com.br\/index.php\/wp-json\/wp\/v2\/types\/product"}],"version-history":[{"count":0,"href":"https:\/\/acessopontotech.com.br\/index.php\/wp-json\/wp\/v2\/product\/44\/revisions"}],"wp:featuredmedia":[{"embeddable":true,"href":"https:\/\/acessopontotech.com.br\/index.php\/wp-json\/wp\/v2\/media\/105"}],"wp:attachment":[{"href":"https:\/\/acessopontotech.com.br\/index.php\/wp-json\/wp\/v2\/media?parent=44"}],"wp:term":[{"taxonomy":"product_cat","embeddable":true,"href":"https:\/\/acessopontotech.com.br\/index.php\/wp-json\/wp\/v2\/product_cat?post=44"},{"taxonomy":"product_tag","embeddable":true,"href":"https:\/\/acessopontotech.com.br\/index.php\/wp-json\/wp\/v2\/product_tag?post=44"}],"curies":[{"name":"wp","href":"https:\/\/api.w.org\/{rel}","templated":true}]}}