{"id":45,"date":"2020-12-18T13:00:58","date_gmt":"2020-12-18T16:00:58","guid":{"rendered":"http:\/\/acessopontotech.com.br\/index.php\/product\/import-placeholder-for-472\/"},"modified":"2020-12-18T13:02:14","modified_gmt":"2020-12-18T16:02:14","slug":"cancela-barreira-automatica-ppa-k1-r","status":"publish","type":"product","link":"https:\/\/acessopontotech.com.br\/index.php\/product\/cancela-barreira-automatica-ppa-k1-r\/","title":{"rendered":"CANCELA BARREIRA &#8211; AUTOM\u00c1TICA &#8211; PPA K1 R"},"content":{"rendered":"<p><strong>ITENS INCLUSOS<\/strong><br \/>\n01 Corpo com Motor Redutor PPA K1<br \/>\n01 Barreira Linear de\u00a0 Alum\u00ednio de 3 Metros<br \/>\n01 Central de Comando Triflex<\/p>\n<p><strong>ESPECIFICA\u00c7\u00d5ES<\/strong><br \/>\nTens\u00e3o: 110 V \/ 220 V<br \/>\nComprimento da Barreira: 3 metros<br \/>\nCiclos\/hora: 120<br \/>\nTempo de abertura (ajust\u00e1vel): 1,5 segundos<br \/>\nTempo de fechamento (ajust\u00e1vel): 1,5 segundos<br \/>\nPot\u00eancia do motor: 1\/2 HP<br \/>\nSugest\u00e3o de aplica\u00e7\u00e3o: Pequenos Estacionamentos<\/p>\n","protected":false},"excerpt":{"rendered":"<p>Produzida com a\u00e7o galvanizado com pintura eletrost\u00e1tica e tratamento anticorrosivo, a cancela K1 da PPA \u00e9 indicada para locais com m\u00e9dio fluxo de ve\u00edculos. Com tempo de abertura &#8211; fechamento ajust\u00e1vel, pot\u00eancia de 1\/2 HP, 120 ciclos\/hora e baixo consumo de energia, tamb\u00e9m \u00e9 fabricada com tecnologia Jet Flex que garante funcionamento silencioso, alta performance\/for\u00e7a e velocidade no acionamento.<\/p>\n","protected":false},"featured_media":107,"template":"","meta":{"_joinchat":[]},"product_cat":[23,22],"product_tag":[],"class_list":{"0":"post-45","1":"product","2":"type-product","3":"status-publish","4":"has-post-thumbnail","6":"product_cat-cancela","7":"product_cat-controle-de-estacionamento-e-garagem","9":"first","10":"instock","11":"shipping-taxable","12":"purchasable","13":"product-type-simple"},"_links":{"self":[{"href":"https:\/\/acessopontotech.com.br\/index.php\/wp-json\/wp\/v2\/product\/45","targetHints":{"allow":["GET"]}}],"collection":[{"href":"https:\/\/acessopontotech.com.br\/index.php\/wp-json\/wp\/v2\/product"}],"about":[{"href":"https:\/\/acessopontotech.com.br\/index.php\/wp-json\/wp\/v2\/types\/product"}],"version-history":[{"count":0,"href":"https:\/\/acessopontotech.com.br\/index.php\/wp-json\/wp\/v2\/product\/45\/revisions"}],"wp:featuredmedia":[{"embeddable":true,"href":"https:\/\/acessopontotech.com.br\/index.php\/wp-json\/wp\/v2\/media\/107"}],"wp:attachment":[{"href":"https:\/\/acessopontotech.com.br\/index.php\/wp-json\/wp\/v2\/media?parent=45"}],"wp:term":[{"taxonomy":"product_cat","embeddable":true,"href":"https:\/\/acessopontotech.com.br\/index.php\/wp-json\/wp\/v2\/product_cat?post=45"},{"taxonomy":"product_tag","embeddable":true,"href":"https:\/\/acessopontotech.com.br\/index.php\/wp-json\/wp\/v2\/product_tag?post=45"}],"curies":[{"name":"wp","href":"https:\/\/api.w.org\/{rel}","templated":true}]}}