{"id":46,"date":"2020-12-18T13:00:58","date_gmt":"2020-12-18T16:00:58","guid":{"rendered":"http:\/\/acessopontotech.com.br\/index.php\/product\/import-placeholder-for-475\/"},"modified":"2020-12-18T13:02:17","modified_gmt":"2020-12-18T16:02:17","slug":"cancela-automatica-barrier-ppa-jet-flex","status":"publish","type":"product","link":"https:\/\/acessopontotech.com.br\/index.php\/product\/cancela-automatica-barrier-ppa-jet-flex\/","title":{"rendered":"CANCELA AUTOM\u00c1TICA &#8211; BARRIER PPA JET FLEX"},"content":{"rendered":"<p><strong>ITENS INCLUSOS<\/strong><\/p>\n<p>01 Cancela Eletr\u00f4nica Autom\u00e1tica Barrier PPA Jet Flex<\/p>\n<p>01 Central Eletr\u00f4nica para Comando Tri Flex PPA<\/p>\n<p>01 Barreira Linear de 4 Metros<\/p>\n<p>Sensores e im\u00e3 para final de curso<\/p>\n<p>Manual de Instala\u00e7\u00e3o<\/p>\n<p>Chave de Destrave Manual\/Autom\u00e1tico<\/p>\n<p><strong>CARACTER\u00cdSTICAS<\/strong><\/p>\n<p>Sistema de escamoteamento para destravamento manual<\/p>\n<p>Sistema de comando central microprocessada<\/p>\n<p>Stop mec\u00e2nico com regulagem de altura<\/p>\n<p>Acionamento do sistema atrav\u00e9s de motor redutor, polias e correias<\/p>\n<p>Barreira de perfil de alum\u00ednio com 4 metros de comprimento<\/p>\n<p>Pintura eletrost\u00e1tica que garante grande resist\u00eancia \u00e0 a\u00e7\u00e3o do tempo<\/p>\n<p>Tratamento anticorrosivo do gabinete de a\u00e7o galvanizado<\/p>\n<p>Alimenta\u00e7\u00e3o em 110V ou 220V (50 Hz ou 60 Hz)<\/p>\n<p>Sistema fim de curso com encoder (Reed Digital)<\/p>\n<p>Freio eletr\u00f4nico<\/p>\n<p>Pode ser instalada com diversos acess\u00f3rios (sinaleira, foto c\u00e9lula, etc.)<\/p>\n<p><strong> ESPECIFICA\u00c7\u00d5ES T\u00c9CNICAS<\/strong><\/p>\n<p>Comprimento da barreira: 4 metros<\/p>\n<p>Ciclos\/hora: 600<\/p>\n<p>Tempo de abertura (ajust\u00e1vel): 1 s (m\u00e1ximo)<\/p>\n<p>Tempo de fechamento (ajust\u00e1vel): 1,5 s (m\u00e1ximo)<\/p>\n<p>Pot\u00eancia do motor: 1 HP<\/p>\n<p>Tens\u00e3o: 127 e 220V<\/p>\n<p>&nbsp;<\/p>\n","protected":false},"excerpt":{"rendered":"<p>A cancela eletr\u00f4nica autom\u00e1tica Barrier Jet Flex PPA \u00e9 ideal para controlar a entrada e sa\u00edda em condom\u00ednios, ind\u00fastrias, empresas, estacionamentos entre outros locais com alto fluxo de ve\u00edculos.Motor r\u00e1pido, robusto e confi\u00e1vel e f\u00e1cil de instalar.<\/p>\n","protected":false},"featured_media":108,"template":"","meta":{"_joinchat":[]},"product_cat":[23,22],"product_tag":[],"class_list":{"0":"post-46","1":"product","2":"type-product","3":"status-publish","4":"has-post-thumbnail","6":"product_cat-cancela","7":"product_cat-controle-de-estacionamento-e-garagem","9":"first","10":"instock","11":"shipping-taxable","12":"purchasable","13":"product-type-simple"},"_links":{"self":[{"href":"https:\/\/acessopontotech.com.br\/index.php\/wp-json\/wp\/v2\/product\/46","targetHints":{"allow":["GET"]}}],"collection":[{"href":"https:\/\/acessopontotech.com.br\/index.php\/wp-json\/wp\/v2\/product"}],"about":[{"href":"https:\/\/acessopontotech.com.br\/index.php\/wp-json\/wp\/v2\/types\/product"}],"version-history":[{"count":0,"href":"https:\/\/acessopontotech.com.br\/index.php\/wp-json\/wp\/v2\/product\/46\/revisions"}],"wp:featuredmedia":[{"embeddable":true,"href":"https:\/\/acessopontotech.com.br\/index.php\/wp-json\/wp\/v2\/media\/108"}],"wp:attachment":[{"href":"https:\/\/acessopontotech.com.br\/index.php\/wp-json\/wp\/v2\/media?parent=46"}],"wp:term":[{"taxonomy":"product_cat","embeddable":true,"href":"https:\/\/acessopontotech.com.br\/index.php\/wp-json\/wp\/v2\/product_cat?post=46"},{"taxonomy":"product_tag","embeddable":true,"href":"https:\/\/acessopontotech.com.br\/index.php\/wp-json\/wp\/v2\/product_tag?post=46"}],"curies":[{"name":"wp","href":"https:\/\/api.w.org\/{rel}","templated":true}]}}