{"id":60,"date":"2020-12-18T13:01:31","date_gmt":"2020-12-18T16:01:31","guid":{"rendered":"http:\/\/acessopontotech.com.br\/index.php\/product\/import-placeholder-for-478\/"},"modified":"2020-12-18T13:02:17","modified_gmt":"2020-12-18T16:02:17","slug":"cancela-eletronica-automatica-brasso-1-2-hp-ppa","status":"publish","type":"product","link":"https:\/\/acessopontotech.com.br\/index.php\/product\/cancela-eletronica-automatica-brasso-1-2-hp-ppa\/","title":{"rendered":"CANCELA ELETR\u00d4NICA &#8211; AUTOM\u00c1TICA &#8211; BRASSO &#8211; 1\/2 HP &#8211; PPA"},"content":{"rendered":"<div>\n<p><strong>ESPECIFICA\u00c7\u00d5ES:<\/strong><\/p>\n<\/div>\n<div>Ciclo Hora: 200 para bra\u00e7o at\u00e9 3m e 180 para bra\u00e7o at\u00e9 6m.<\/div>\n<div>Tens\u00e3o: 127V ou 220 V<\/div>\n<div>Pot\u00eancia do motor: <strong>1\/2<\/strong> HP<\/div>\n<div>Pot\u00eancia do motor: 368W<\/div>\n<div>Velocidade de abertura (s): 1,5<\/div>\n<div>Barra com fun\u00e7\u00e3o de descanhontar ( descamotear )<\/div>\n<div><\/div>\n<div><\/div>\n<div>\n<p>&nbsp;<\/p>\n<\/div>\n<div><\/div>\n","protected":false},"excerpt":{"rendered":"<p>Produzida com a\u00e7o galvanizado, pintura eletrost\u00e1tica e tratamento anticorrosivo, a cancela Brasso \u00e9 indicada para locais com m\u00e9dio fluxo de ve\u00edculos. Com tempo de abertura\/fechamento ajust\u00e1vel, pot\u00eancia de 1\/2 HP, 120 ciclos\/hora e baixo consumo de energia, tamb\u00e9m \u00e9 fabricada com tecnologia Jet Flex que garante funcionamento silencioso, alta performance\/for\u00e7a e velocidade no acionamento.<\/p>\n","protected":false},"featured_media":110,"template":"","meta":{"_joinchat":[]},"product_cat":[23,22],"product_tag":[],"class_list":{"0":"post-60","1":"product","2":"type-product","3":"status-publish","4":"has-post-thumbnail","6":"product_cat-cancela","7":"product_cat-controle-de-estacionamento-e-garagem","9":"first","10":"instock","11":"featured","12":"shipping-taxable","13":"purchasable","14":"product-type-simple"},"_links":{"self":[{"href":"https:\/\/acessopontotech.com.br\/index.php\/wp-json\/wp\/v2\/product\/60","targetHints":{"allow":["GET"]}}],"collection":[{"href":"https:\/\/acessopontotech.com.br\/index.php\/wp-json\/wp\/v2\/product"}],"about":[{"href":"https:\/\/acessopontotech.com.br\/index.php\/wp-json\/wp\/v2\/types\/product"}],"version-history":[{"count":0,"href":"https:\/\/acessopontotech.com.br\/index.php\/wp-json\/wp\/v2\/product\/60\/revisions"}],"wp:featuredmedia":[{"embeddable":true,"href":"https:\/\/acessopontotech.com.br\/index.php\/wp-json\/wp\/v2\/media\/110"}],"wp:attachment":[{"href":"https:\/\/acessopontotech.com.br\/index.php\/wp-json\/wp\/v2\/media?parent=60"}],"wp:term":[{"taxonomy":"product_cat","embeddable":true,"href":"https:\/\/acessopontotech.com.br\/index.php\/wp-json\/wp\/v2\/product_cat?post=60"},{"taxonomy":"product_tag","embeddable":true,"href":"https:\/\/acessopontotech.com.br\/index.php\/wp-json\/wp\/v2\/product_tag?post=60"}],"curies":[{"name":"wp","href":"https:\/\/api.w.org\/{rel}","templated":true}]}}