{"id":63,"date":"2020-12-18T13:01:31","date_gmt":"2020-12-18T16:01:31","guid":{"rendered":"http:\/\/acessopontotech.com.br\/index.php\/product\/import-placeholder-for-548\/"},"modified":"2020-12-18T13:02:19","modified_gmt":"2020-12-18T16:02:19","slug":"catraca-henry-lumen-advance-card-2","status":"publish","type":"product","link":"https:\/\/acessopontotech.com.br\/index.php\/product\/catraca-henry-lumen-advance-card-2\/","title":{"rendered":"CATRACA \u2013 HENRY \u2013 LUMEN ADVANCE CARD 2"},"content":{"rendered":"<p><strong>Caracter\u00edsticas<\/strong><\/p>\n<ul>\n<li>Fabricada em a\u00e7o-carbono, com pintura em ep\u00f3xi preto.<\/li>\n<li>Tratamento anti-corrosivo.<\/li>\n<li>Acabamento em a\u00e7o inox.<\/li>\n<li>Fechadura para acesso aos componentes eletr\u00f4nicos.<\/li>\n<li>Ilumina\u00e7\u00e3o frontal, com chave liga\/desliga, e 3 op\u00e7\u00f5es de cores (verde, vermelho e azul).<\/li>\n<li>Sistema de amortecimento do giro dos bra\u00e7os.<\/li>\n<li>Refor\u00e7os estruturais.<\/li>\n<li>F\u00e1cil instala\u00e7\u00e3o.<\/li>\n<li>Travamento autom\u00e1tico dos bra\u00e7os.<\/li>\n<li>Op\u00e7\u00e3o para instala\u00e7\u00e3o de bra\u00e7os anti-p\u00e2nico.<\/li>\n<li>Guarda corpo opcional.<\/li>\n<li>Plataforma opcional.<\/li>\n<li>Permite instala\u00e7\u00e3o de qualquer tecnologia de opera\u00e7\u00e3o e comunica\u00e7\u00e3o, inclusive a biometria.<\/li>\n<li>Altamente mold\u00e1vel a necessidade do cliente. Permite altera\u00e7\u00f5es em seu projeto original para adequar a sua necessidade.<\/li>\n<\/ul>\n<p><strong>Operacional<\/strong><\/p>\n<p>Display (opcional):\u00a0Cristal l\u00edquido 16 caracteres x 2 linhas com backlight (ilumina\u00e7\u00e3o do display) opcional.<br \/>\nTeclado (opcional):\u00a0Com 16 teclas sendo 12 em padr\u00e3o telef\u00f4nico e 4 teclas adicionais de fun\u00e7\u00e3o.<br \/>\nComunica\u00e7\u00e3o (opcional):\u00a0Serial RS232 e RS485 nativas na placa.Com op\u00e7\u00e3o de utilizar comunica\u00e7\u00e3o atrav\u00e9s de TCP\/IP nativo,Modem externo, Gsm (celular),Wi-Fi (rede sem fio) ou USB.<br \/>\nModo de comunica\u00e7\u00e3o (Opcional):\u00a0Trabalha com 4 modos diferentes de comunica\u00e7\u00e3o , podendo ser Online (tempo real),Offline, OnOff e OnOff+ controle de acesso.<br \/>\nVelocidade de transmiss\u00e3o de dados (Opcional):\u00a0(Serial RS232 e Serial RS485) : 9.600bps, 19.200bps, 57.600bps, 115.200bps (4 velocidades distintas).<br \/>\nC\u00f3digo de Barras (opcional):\u00a0L\u00ea os padr\u00f5es 2 de 5 intercalado, 2 de 5 n\u00e3o intercalado e 3 de 9.<br \/>\nProximidade (opcional):\u00a0Suporta a leitora Henry al\u00e9m de se compat\u00edvel com modelos de outros fabricantes com sa\u00edda no formato Wiegand 26 ou ABA-TRACK 2.<br \/>\nSmart Card. Contactless(opcional):\u00a0Suporta o padr\u00e3o MIFARE Standard 1 K e Plus 4K.<br \/>\nMagn\u00e9tico (opcional):\u00a0Captura at\u00e9 20d\u00edgitos no padr\u00e3o ABA-TRACK 2.<br \/>\nPistola CCD e Scanner (opcional):\u00a0Em Wand Emulation para o padr\u00e3o 2 de 5 intercalado e n\u00e3o intercalado e o padr\u00e3o 3 de 9.<br \/>\nBiometria (opcional):\u00a0Trabalha com sistema \u00f3tico com capacidade de 1.950 a 9.500 digitais e de 8 d\u00edgitos de matr\u00edcula.<br \/>\nIlumina\u00e7\u00e3o frontal (opcional):\u00a0Cont\u00e9m ilumina\u00e7\u00e3o frontal podendo ser na cor verde, vermelha ou azul.<br \/>\nConsulte-nos, para discutir a compatibilidade de outros itens.<\/p>\n<p><strong>El\u00e9trica<\/strong><\/p>\n<p>Fonte chaveada:\u00a090 a 265 V AC ~.<br \/>\nPot\u00eancia M\u00e9dia:\u00a0408 mW.<br \/>\nConsumo m\u00e9dio de corrente:\u00a034,6 mA.<br \/>\nBateria interna (opcional):\u00a012v.<br \/>\nTens\u00e3o de opera\u00e7\u00e3o dos selen\u00f3ides:\u00a012v.<\/p>\n<p><strong>Ambiente<\/strong><\/p>\n<p>Temperatura de Opera\u00e7\u00e3o:\u00a0&#8211; 15\u00baC a 55\u00baC (sem condensa\u00e7\u00e3o).<br \/>\nTemperatura para estocagem:\u00a0&#8211; 20\u00baC a 60\u00baC (sem condensa\u00e7\u00e3o).<br \/>\nFaixa de umidade para funcionamento:\u00a00 a 95% (sem condensa\u00e7\u00e3o).<br \/>\nN\u00edvel aceit\u00e1vel de luz para funcionamento:\u00a03000 lux.<br \/>\nVentila\u00e7\u00e3o:\u00a0N\u00e3o exige ventila\u00e7\u00e3o.<\/p>\n","protected":false},"excerpt":{"rendered":"<p>Fabricada em a\u00e7o-carbono, com pintura em ep\u00f3xi preto.<br \/>\nTratamento anti-corrosivo.<br \/>\nAcabamento em a\u00e7o inox.<br \/>\nFechadura para acesso aos componentes eletr\u00f4nicos.<br \/>\nIlumina\u00e7\u00e3o frontal, com chave liga\/desliga, e 3 op\u00e7\u00f5es de cores (verde, vermelho e azul).<br \/>\nSistema de amortecimento do giro dos bra\u00e7os.<br \/>\nRefor\u00e7os estruturais.<br \/>\nF\u00e1cil instala\u00e7\u00e3o.<br \/>\nTravamento autom\u00e1tico dos bra\u00e7os.<br \/>\nOp\u00e7\u00e3o para instala\u00e7\u00e3o de bra\u00e7os anti-p\u00e2nico.<br \/>\nGuarda corpo opcional.<br \/>\nPlataforma opcional.<br \/>\nPermite instala\u00e7\u00e3o de qualquer tecnologia de opera\u00e7\u00e3o e comunica\u00e7\u00e3o, inclusive a biometria.<br \/>\nAltamente mold\u00e1vel a necessidade do cliente. Permite altera\u00e7\u00f5es em seu projeto original para adequar a sua necessidade.<\/p>\n","protected":false},"featured_media":116,"template":"","meta":{"_joinchat":[]},"product_cat":[24,19],"product_tag":[],"class_list":{"0":"post-63","1":"product","2":"type-product","3":"status-publish","4":"has-post-thumbnail","6":"product_cat-catracas-de-acesso","7":"product_cat-controle-de-acesso","9":"first","10":"instock","11":"featured","12":"shipping-taxable","13":"purchasable","14":"product-type-simple"},"_links":{"self":[{"href":"https:\/\/acessopontotech.com.br\/index.php\/wp-json\/wp\/v2\/product\/63","targetHints":{"allow":["GET"]}}],"collection":[{"href":"https:\/\/acessopontotech.com.br\/index.php\/wp-json\/wp\/v2\/product"}],"about":[{"href":"https:\/\/acessopontotech.com.br\/index.php\/wp-json\/wp\/v2\/types\/product"}],"version-history":[{"count":0,"href":"https:\/\/acessopontotech.com.br\/index.php\/wp-json\/wp\/v2\/product\/63\/revisions"}],"wp:featuredmedia":[{"embeddable":true,"href":"https:\/\/acessopontotech.com.br\/index.php\/wp-json\/wp\/v2\/media\/116"}],"wp:attachment":[{"href":"https:\/\/acessopontotech.com.br\/index.php\/wp-json\/wp\/v2\/media?parent=63"}],"wp:term":[{"taxonomy":"product_cat","embeddable":true,"href":"https:\/\/acessopontotech.com.br\/index.php\/wp-json\/wp\/v2\/product_cat?post=63"},{"taxonomy":"product_tag","embeddable":true,"href":"https:\/\/acessopontotech.com.br\/index.php\/wp-json\/wp\/v2\/product_tag?post=63"}],"curies":[{"name":"wp","href":"https:\/\/api.w.org\/{rel}","templated":true}]}}