{"id":64,"date":"2020-12-18T13:01:32","date_gmt":"2020-12-18T16:01:32","guid":{"rendered":"http:\/\/acessopontotech.com.br\/index.php\/product\/import-placeholder-for-553\/"},"modified":"2020-12-18T13:02:20","modified_gmt":"2020-12-18T16:02:20","slug":"catraca-henry-lumen-balcao-proximidade","status":"publish","type":"product","link":"https:\/\/acessopontotech.com.br\/index.php\/product\/catraca-henry-lumen-balcao-proximidade\/","title":{"rendered":"CATRACA &#8211; HENRY &#8211; LUMEN BALC\u00c3O PROXIMIDADE"},"content":{"rendered":"<div id=\"lista-caract-prod\">\n<p><strong>Descri\u00e7\u00e3o<\/strong><\/p>\n<p>Fabricada em a\u00e7o-carbono, com pintura em ep\u00f3xi preto.<br \/>\nTratamento anti-corrosivo.<br \/>\nAcabamento em a\u00e7o inox.<br \/>\nFechadura para acesso aos componentes eletr\u00f4nicos.<br \/>\nIlumina\u00e7\u00e3o lateral, com chave liga\/desliga, e 3 op\u00e7\u00f5es de cores (verde, vermelho e azul).<br \/>\nSistema de amortecimento do giro dos bra\u00e7os.<br \/>\nRefor\u00e7os estruturais.<br \/>\nF\u00e1cil instala\u00e7\u00e3o.<br \/>\nTravamento autom\u00e1tico dos bra\u00e7os.<br \/>\nOp\u00e7\u00e3o para instala\u00e7\u00e3o de bra\u00e7os anti-p\u00e2nico.<br \/>\nGuarda corpo opcional.<br \/>\nPlataforma opcional.<br \/>\nPermite instala\u00e7\u00e3o de qualquer tecnologia de opera\u00e7\u00e3o e comunica\u00e7\u00e3o, inclusive a biometria.<br \/>\nAltamente mold\u00e1vel a necessidade do cliente. Permite altera\u00e7\u00f5es em seu projeto original para adequar a sua necessidade.<\/p>\n<p><strong>Operacional<\/strong><\/p>\n<\/div>\n<div id=\"lista-caract-prod\">\n<p><span class=\"style3\">Display (opcional):<\/span>\u00a0Cristal l\u00edquido 16 caracteres x 2 linhas com backlight (ilumina\u00e7\u00e3o do display) opcional.<br \/>\n<span class=\"style3\">Teclado (opcional):<\/span>\u00a0Com 16 teclas sendo 12 em padr\u00e3o telef\u00f4nico e 4 teclas adicionais de fun\u00e7\u00e3o.<br \/>\n<span class=\"style3\">Comunica\u00e7\u00e3o (opcional):<\/span>\u00a0Serial RS232 e RS485 nativas na placa.Com op\u00e7\u00e3o de utilizar comunica\u00e7\u00e3o atrav\u00e9s de TCP\/IP nativo,Modem externo, Gsm (celular),Wi-Fi (rede sem fio) ou USB.<br \/>\n<span class=\"style3\">Modo de comunica\u00e7\u00e3o (Opcional):<\/span>\u00a0Trabalha com 4 modos diferentes de comunica\u00e7\u00e3o , podendo ser Online (tempo real),Offline, OnOff e OnOff+ controle de acesso.<br \/>\n<span class=\"style3\">Velocidade de transmiss\u00e3o de dados (Opcional):<\/span>\u00a0(Serial RS232 e Serial RS485) : 9.600bps, 19.200bps, 57.600bps, 115.200bps (4 velocidades distintas).<br \/>\n<span class=\"style3\">C\u00f3digo de Barras (opcional):<\/span>\u00a0L\u00ea os padr\u00f5es 2 de 5 intercalado, 2 de 5 n\u00e3o intercalado e 3 de 9.<br \/>\n<span class=\"style3\">Proximidade (opcional):<\/span>\u00a0Suporta a leitora Henry al\u00e9m de se compat\u00edvel com modelos de outros fabricantes com sa\u00edda no formato Wiegand 26 ou ABA-TRACK 2.<br \/>\n<span class=\"style3\">Smart Card. Contactless(opcional):<\/span>\u00a0Suporta o padr\u00e3o MIFARE Standard 1 K e Plus 4K.<br \/>\n<span class=\"style3\">Magn\u00e9tico (opcional):<\/span>\u00a0Captura at\u00e9 20d\u00edgitos no padr\u00e3o ABA-TRACK 2.<br \/>\n<span class=\"style3\">Pistola CCD e Scanner (opcional):<\/span>\u00a0Em Wand Emulation para o padr\u00e3o 2 de 5 intercalado e n\u00e3o intercalado e o padr\u00e3o 3 de 9.<br \/>\n<span class=\"style3\">Biometria (opcional):<\/span>\u00a0Trabalha com sistema \u00f3tico com capacidade de 1.950 a 9.500 digitais e de 8 d\u00edgitos de matr\u00edcula.<br \/>\n<span class=\"style3\">Ilumina\u00e7\u00e3o lateral (opcional):<\/span>\u00a0Cont\u00e9m ilumina\u00e7\u00e3o frontal podendo ser na cor verde, vermelha ou azul.<br \/>\nConsulte-nos, para discutir a compatibilidade de outros itens.<\/p>\n<\/div>\n","protected":false},"excerpt":{"rendered":"<p><strong>A informatiza\u00e7\u00e3o do acesso de sua academia, escola, ind\u00fastria e \u00f3rg\u00e3os p\u00fablicos. <\/strong><\/p>\n<p>Apresenta-se como uma grande aliada para sua gest\u00e3o, sendo indispens\u00e1vel para seu perfeito controle de acesso e uma op\u00e7\u00e3o importante para manter a seguran\u00e7a de todos que frequentam seu espa\u00e7o, onde voc\u00ea propriet\u00e1rio e gerente poder\u00e1 assegurar aos seus colaboradores e visitantes que,\u00a0 com toda certeza \u00e9 uma pessoa que ja foi identificada. que tem seu cadastro atualizado e em conformidade com as exig\u00eancias da gerencia da empresa. A SolTech \u2013 Solu\u00e7\u00f5es em Tecnologia est\u00e1 apta a fornecer solu\u00e7\u00f5es modernas e de alta tecnologia, para todos os tipos de academia, clubes, escolas, industrias e \u00f3rg\u00e3os p\u00fablicos, independente do fluxo de pessoas, elaborando projetos com solu\u00e7\u00f5es espec\u00edficas para cada necessidade. Os equipamentos e softwares trabalham de forma integrada, para que haja total seguran\u00e7a e apenas \u00a0pessoas que estejam identificadas e autorizadas a entrar. Ainda conta com um suporte t\u00e9cnico especializado nos equipamentos Henry e softwares Secullum, para oferecer ao cliente total credibilidade no atendimento prestado.<\/p>\n","protected":false},"featured_media":117,"template":"","meta":{"_joinchat":[]},"product_cat":[24,19],"product_tag":[],"class_list":{"0":"post-64","1":"product","2":"type-product","3":"status-publish","4":"has-post-thumbnail","6":"product_cat-catracas-de-acesso","7":"product_cat-controle-de-acesso","9":"first","10":"instock","11":"shipping-taxable","12":"purchasable","13":"product-type-simple"},"_links":{"self":[{"href":"https:\/\/acessopontotech.com.br\/index.php\/wp-json\/wp\/v2\/product\/64","targetHints":{"allow":["GET"]}}],"collection":[{"href":"https:\/\/acessopontotech.com.br\/index.php\/wp-json\/wp\/v2\/product"}],"about":[{"href":"https:\/\/acessopontotech.com.br\/index.php\/wp-json\/wp\/v2\/types\/product"}],"version-history":[{"count":0,"href":"https:\/\/acessopontotech.com.br\/index.php\/wp-json\/wp\/v2\/product\/64\/revisions"}],"wp:featuredmedia":[{"embeddable":true,"href":"https:\/\/acessopontotech.com.br\/index.php\/wp-json\/wp\/v2\/media\/117"}],"wp:attachment":[{"href":"https:\/\/acessopontotech.com.br\/index.php\/wp-json\/wp\/v2\/media?parent=64"}],"wp:term":[{"taxonomy":"product_cat","embeddable":true,"href":"https:\/\/acessopontotech.com.br\/index.php\/wp-json\/wp\/v2\/product_cat?post=64"},{"taxonomy":"product_tag","embeddable":true,"href":"https:\/\/acessopontotech.com.br\/index.php\/wp-json\/wp\/v2\/product_tag?post=64"}],"curies":[{"name":"wp","href":"https:\/\/api.w.org\/{rel}","templated":true}]}}