{"id":65,"date":"2020-12-18T13:01:32","date_gmt":"2020-12-18T16:01:32","guid":{"rendered":"http:\/\/acessopontotech.com.br\/index.php\/product\/import-placeholder-for-556\/"},"modified":"2020-12-18T13:02:28","modified_gmt":"2020-12-18T16:02:28","slug":"catraca-lumen-advance-card-5-biometrica","status":"publish","type":"product","link":"https:\/\/acessopontotech.com.br\/index.php\/product\/catraca-lumen-advance-card-5-biometrica\/","title":{"rendered":"CATRACA &#8211; LUMEN ADVANCE CARD 5 &#8211; BIOM\u00c9TRICA"},"content":{"rendered":"<div><b>Solu\u00e7\u00f5es Sugeridas:<\/b><br \/>\n<b><\/b><\/div>\n<div><\/div>\n<div><em><b>Solu\u00e7\u00e3o A:<\/b><\/em> Catraca informatizada, com leitor de c\u00f3digo de barras ou proximidade + software de controle de acesso academia + carteirinhas ou chaveiros de acesso para alunos<br \/>\n<b><\/b><\/div>\n<div><\/div>\n<div><em><b>Solu\u00e7\u00e3o B:<\/b><\/em>\u00a0Catraca informatizada, com leitor biom\u00e9trico (impress\u00e3o digital) + software de controle de acesso academia<\/div>\n<div id=\"desc-prod5\">\n<p><em>Catraca fabricada em a\u00e7o carbono com acabamento em a\u00e7o inox, ilumina\u00e7\u00e3o frontal, e possibilidade de instala\u00e7\u00e3o de qualquer tecnologia de controle<\/em><\/p>\n<\/div>\n<p align=\"justify\"><strong>Operacional<\/strong><\/p>\n<p align=\"justify\"><span class=\"style3\"><strong>Display (opcional):<\/strong><\/span><span class=\"Apple-converted-space\">\u00a0<\/span>Cristal l\u00edquido 16 caracteres x 2 linhas com backlight (ilumina\u00e7\u00e3o do display) opcional.<br \/>\n<span class=\"style3\"><strong>Teclado (opcional):<\/strong><\/span><span class=\"Apple-converted-space\">\u00a0<\/span>Com 16 teclas sendo 12 em padr\u00e3o telef\u00f4nico e 4 teclas adicionais de fun\u00e7\u00e3o.<br \/>\n<span class=\"style3\"><strong>Comunica\u00e7\u00e3o (opcional):<\/strong><\/span><span class=\"Apple-converted-space\">\u00a0<\/span>Serial RS232 e RS485 nativas na placa.Com op\u00e7\u00e3o de utilizar comunica\u00e7\u00e3o atrav\u00e9s de TCP\/IP nativo,Modem externo, Gsm (celular),Wi-Fi (rede sem fio) ou USB.<br \/>\n<span class=\"style3\"><strong>Modo de comunica\u00e7\u00e3o (Opcional):<\/strong><\/span><span class=\"Apple-converted-space\">\u00a0<\/span>Trabalha com 4 modos diferentes de comunica\u00e7\u00e3o , podendo ser Online (tempo real),Offline, OnOff e OnOff+ controle de acesso.<br \/>\n<span class=\"style3\"><strong>Velocidade de transmiss\u00e3o de dados (Opcional):<\/strong><\/span><span class=\"Apple-converted-space\">\u00a0<\/span>(Serial RS232 e Serial RS485) : 9.600bps, 19.200bps, 57.600bps, 115.200bps (4 velocidades distintas).<br \/>\n<span class=\"style3\"><strong>C\u00f3digo de Barras (opcional):<\/strong><\/span><span class=\"Apple-converted-space\">\u00a0<\/span>L\u00ea os padr\u00f5es 2 de 5 intercalado, 2 de 5 n\u00e3o intercalado e 3 de 9.<br \/>\n<span class=\"style3\"><strong>Proximidade (opcional):<\/strong><\/span><span class=\"Apple-converted-space\">\u00a0<\/span>Suporta a leitora Henry al\u00e9m de se compat\u00edvel com modelos de outros fabricantes com sa\u00edda no formato Wiegand 26 ou ABA-TRACK 2.<br \/>\n<span class=\"style3\"><strong>Smart Card. Contactless(opcional):<\/strong><\/span><span class=\"Apple-converted-space\">\u00a0<\/span>Suporta o padr\u00e3o MIFARE Standard 1 K e Plus 4K.<br \/>\n<span class=\"style3\"><strong>Magn\u00e9tico (opcional):<\/strong><\/span><span class=\"Apple-converted-space\">\u00a0<\/span>Captura at\u00e9 20d\u00edgitos no padr\u00e3o ABA-TRACK 2.<br \/>\n<span class=\"style3\"><strong>Pistola CCD e Scanner (opcional):<\/strong><\/span><span class=\"Apple-converted-space\">\u00a0<\/span>Em Wand Emulation para o padr\u00e3o 2 de 5 intercalado e n\u00e3o intercalado e o padr\u00e3o 3 de 9.<br \/>\n<span class=\"style3\"><strong>Biometria (opcional):<\/strong><\/span><span class=\"Apple-converted-space\">\u00a0<\/span>Trabalha com sistema \u00f3tico com capacidade de 1.950 a 9.500 digitais e de 8 d\u00edgitos de matr\u00edcula.<span class=\"Apple-converted-space\">\u00a0<\/span><br \/>\n<span class=\"style3\"><strong>Ilumina\u00e7\u00e3o frontal (opcional):<\/strong><\/span><span class=\"Apple-converted-space\">\u00a0<\/span>Cont\u00e9m ilumina\u00e7\u00e3o frontal podendo ser na cor verde, vermelha ou azul.<span class=\"Apple-converted-space\">\u00a0<\/span><br \/>\nConsulte-nos, para discutir a compatibilidade de outros itens<\/p>\n","protected":false},"excerpt":{"rendered":"<p>Fabricada em a\u00e7o-carbono, com pintura em ep\u00f3xi preto.<br \/>\nTratamento anti-corrosivo.<br \/>\nAcabamento em a\u00e7o inox.<br \/>\nFechadura para acesso aos componentes eletr\u00f4nicos.<br \/>\nIlumina\u00e7\u00e3o frontal, com chave liga\/desliga, e 3 op\u00e7\u00f5es de cores (verde, vermelho e azul).<br \/>\nSistema de amortecimento do giro dos bra\u00e7os.<br \/>\nRefor\u00e7os estruturais.<br \/>\nF\u00e1cil instala\u00e7\u00e3o.<br \/>\nTravamento autom\u00e1tico dos bra\u00e7os.<br \/>\nOp\u00e7\u00e3o para instala\u00e7\u00e3o de bra\u00e7os anti-p\u00e2nico.<br \/>\nGuarda corpo opcional.<br \/>\nPlataforma opcional.<br \/>\nPermite instala\u00e7\u00e3o de qualquer tecnologia de opera\u00e7\u00e3o e comunica\u00e7\u00e3o, inclusive a biometria.<br \/>\nAltamente mold\u00e1vel a necessidade do cliente. Permite altera\u00e7\u00f5es em seu projeto original para adequar a sua necessidade.<\/p>\n","protected":false},"featured_media":136,"template":"","meta":{"_joinchat":[]},"product_cat":[24,19],"product_tag":[],"class_list":{"0":"post-65","1":"product","2":"type-product","3":"status-publish","4":"has-post-thumbnail","6":"product_cat-catracas-de-acesso","7":"product_cat-controle-de-acesso","9":"first","10":"instock","11":"shipping-taxable","12":"purchasable","13":"product-type-simple"},"_links":{"self":[{"href":"https:\/\/acessopontotech.com.br\/index.php\/wp-json\/wp\/v2\/product\/65","targetHints":{"allow":["GET"]}}],"collection":[{"href":"https:\/\/acessopontotech.com.br\/index.php\/wp-json\/wp\/v2\/product"}],"about":[{"href":"https:\/\/acessopontotech.com.br\/index.php\/wp-json\/wp\/v2\/types\/product"}],"version-history":[{"count":0,"href":"https:\/\/acessopontotech.com.br\/index.php\/wp-json\/wp\/v2\/product\/65\/revisions"}],"wp:featuredmedia":[{"embeddable":true,"href":"https:\/\/acessopontotech.com.br\/index.php\/wp-json\/wp\/v2\/media\/136"}],"wp:attachment":[{"href":"https:\/\/acessopontotech.com.br\/index.php\/wp-json\/wp\/v2\/media?parent=65"}],"wp:term":[{"taxonomy":"product_cat","embeddable":true,"href":"https:\/\/acessopontotech.com.br\/index.php\/wp-json\/wp\/v2\/product_cat?post=65"},{"taxonomy":"product_tag","embeddable":true,"href":"https:\/\/acessopontotech.com.br\/index.php\/wp-json\/wp\/v2\/product_tag?post=65"}],"curies":[{"name":"wp","href":"https:\/\/api.w.org\/{rel}","templated":true}]}}