{"id":7101,"date":"2022-03-25T21:26:52","date_gmt":"2022-03-26T00:26:52","guid":{"rendered":"https:\/\/acessopontotech.com.br\/?post_type=product&#038;p=7101"},"modified":"2022-03-25T21:26:52","modified_gmt":"2022-03-26T00:26:52","slug":"controle-biometrico-acesso-facial","status":"publish","type":"product","link":"https:\/\/acessopontotech.com.br\/index.php\/product\/controle-biometrico-acesso-facial\/","title":{"rendered":"Controle Biom\u00e9trico Acesso Facial"},"content":{"rendered":"<div class=\"mt2 mb2 \">\n<h2 class=\"weight--small-300 weight--large-200 h3\">Anti fake<\/h2>\n<\/div>\n<div class=\"text text--300\">\n<div class=\"block-template overflow-hidden\">\n<p>O SS 5530 MF FACE possui tecnologia que compara a profundidade da face, impossibilitando o uso de fotos e v\u00eddeos, por exemplo, para enganar o sistema<\/p>\n<\/div>\n<div class=\"mt2 mb2 \">\n<h2 class=\"weight--small-300 weight--large-200 h3\">Tecnologia Visible light<\/h2>\n<\/div>\n<div class=\"text text--300\">\n<div class=\"block-template overflow-hidden\">\n<p>O controlador n\u00e3o precisa de outras fontes de luz, al\u00e9m da luz natural, para fazer uma boa leitura da face.<\/p>\n<\/div>\n<h2 style=\"font-weight: 200;\">R\u00e1pida leitura<\/h2>\n<p style=\"font-weight: 300;\">Leitor mais r\u00e1pido do mercado! Tem maior velocidade de leitura gra\u00e7as a um poderoso hardware e algoritmo embarcado.<\/p>\n<\/div>\n<div class=\"mt2 mb2 \">\n<h2 class=\"weight--small-300 weight--large-200 h3\">Opera\u00e7\u00e3o via Wi-Fi<\/h2>\n<\/div>\n<div class=\"text text--300\">\n<div class=\"block-template overflow-hidden\">\n<p>Maior flexibilidade, possibilidade de realizar opera\u00e7\u00e3o sem fio, como gerenciamento, cadastro de pessoas e manuten\u00e7\u00e3o.<\/p>\n<\/div>\n<\/div>\n<\/div>\n","protected":false},"excerpt":{"rendered":"<p><a href=\"https:\/\/acessopontotech.com.br\/wp-content\/uploads\/2022\/03\/FlyerDigital_SS_5530_MF_FTU_11.jpg\"><img fetchpriority=\"high\" decoding=\"async\" class=\"alignnone size-medium wp-image-7102\" src=\"https:\/\/acessopontotech.com.br\/wp-content\/uploads\/2022\/03\/FlyerDigital_SS_5530_MF_FTU_11-300x183.jpg\" alt=\"\" width=\"300\" height=\"183\" srcset=\"https:\/\/acessopontotech.com.br\/wp-content\/uploads\/2022\/03\/FlyerDigital_SS_5530_MF_FTU_11-300x183.jpg 300w, https:\/\/acessopontotech.com.br\/wp-content\/uploads\/2022\/03\/FlyerDigital_SS_5530_MF_FTU_11-150x92.jpg 150w, https:\/\/acessopontotech.com.br\/wp-content\/uploads\/2022\/03\/FlyerDigital_SS_5530_MF_FTU_11.jpg 589w\" sizes=\"(max-width: 300px) 100vw, 300px\" \/><\/a> <a href=\"https:\/\/acessopontotech.com.br\/wp-content\/uploads\/2022\/03\/FlyerDigital_SS_5530_MF_FTU_14.jpg\"><img decoding=\"async\" class=\"alignnone size-medium wp-image-7103\" src=\"https:\/\/acessopontotech.com.br\/wp-content\/uploads\/2022\/03\/FlyerDigital_SS_5530_MF_FTU_14-300x183.jpg\" alt=\"\" width=\"300\" height=\"183\" srcset=\"https:\/\/acessopontotech.com.br\/wp-content\/uploads\/2022\/03\/FlyerDigital_SS_5530_MF_FTU_14-300x183.jpg 300w, https:\/\/acessopontotech.com.br\/wp-content\/uploads\/2022\/03\/FlyerDigital_SS_5530_MF_FTU_14-150x92.jpg 150w, https:\/\/acessopontotech.com.br\/wp-content\/uploads\/2022\/03\/FlyerDigital_SS_5530_MF_FTU_14.jpg 589w\" sizes=\"(max-width: 300px) 100vw, 300px\" \/><\/a><\/p>\n","protected":false},"featured_media":7103,"template":"","meta":{"_joinchat":[]},"product_cat":[19,15],"product_tag":[],"class_list":{"0":"post-7101","1":"product","2":"type-product","3":"status-publish","4":"has-post-thumbnail","6":"product_cat-controle-de-acesso","7":"product_cat-uncategorized","9":"first","10":"instock","11":"shipping-taxable","12":"purchasable","13":"product-type-simple"},"_links":{"self":[{"href":"https:\/\/acessopontotech.com.br\/index.php\/wp-json\/wp\/v2\/product\/7101","targetHints":{"allow":["GET"]}}],"collection":[{"href":"https:\/\/acessopontotech.com.br\/index.php\/wp-json\/wp\/v2\/product"}],"about":[{"href":"https:\/\/acessopontotech.com.br\/index.php\/wp-json\/wp\/v2\/types\/product"}],"version-history":[{"count":1,"href":"https:\/\/acessopontotech.com.br\/index.php\/wp-json\/wp\/v2\/product\/7101\/revisions"}],"predecessor-version":[{"id":7104,"href":"https:\/\/acessopontotech.com.br\/index.php\/wp-json\/wp\/v2\/product\/7101\/revisions\/7104"}],"wp:featuredmedia":[{"embeddable":true,"href":"https:\/\/acessopontotech.com.br\/index.php\/wp-json\/wp\/v2\/media\/7103"}],"wp:attachment":[{"href":"https:\/\/acessopontotech.com.br\/index.php\/wp-json\/wp\/v2\/media?parent=7101"}],"wp:term":[{"taxonomy":"product_cat","embeddable":true,"href":"https:\/\/acessopontotech.com.br\/index.php\/wp-json\/wp\/v2\/product_cat?post=7101"},{"taxonomy":"product_tag","embeddable":true,"href":"https:\/\/acessopontotech.com.br\/index.php\/wp-json\/wp\/v2\/product_tag?post=7101"}],"curies":[{"name":"wp","href":"https:\/\/api.w.org\/{rel}","templated":true}]}}