{"id":7141,"date":"2022-05-01T12:20:15","date_gmt":"2022-05-01T15:20:15","guid":{"rendered":"https:\/\/acessopontotech.com.br\/?post_type=product&#038;p=7141"},"modified":"2022-05-01T12:20:15","modified_gmt":"2022-05-01T15:20:15","slug":"bastao-de-ronda","status":"publish","type":"product","link":"https:\/\/acessopontotech.com.br\/index.php\/product\/bastao-de-ronda\/","title":{"rendered":"Bast\u00e3o de ronda"},"content":{"rendered":"<div class=\"et_pb_section et_pb_section_1 et_section_regular\">\n<div class=\"et_pb_row et_pb_row_1\">\n<div class=\"et_pb_column et_pb_column_4_4 et_pb_column_2  et_pb_css_mix_blend_mode_passthrough et-last-child\">\n<div class=\"et_pb_module et_pb_text et_pb_text_2  et_pb_text_align_left et_pb_bg_layout_light\">\n<div class=\"et_pb_text_inner\">\n<h2>Porque voc\u00ea precisa de um controle de ronda?<\/h2>\n<\/div>\n<\/div>\n<div class=\"et_pb_module et_pb_text et_pb_text_3  et_pb_text_align_left et_pb_bg_layout_light\">\n<div class=\"et_pb_text_inner\">\n<p>Para garantir a seguran\u00e7a de seu patrim\u00f4nio e o controle eficiente de qualquer tipo de rota a ser seguida.\u00a0O bast\u00e3o de ronda Viggia garante que a equipe de vigilantes ir\u00e1 realizar a ronda em um local de acordo com uma rotina previamente estabelecida.<\/p>\n<p>Indicado para qualquer aplica\u00e7\u00e3o que exija o controle eficiente de uma rota a ser seguida, al\u00e9m de sua aplica\u00e7\u00e3o t\u00edpica na \u00e1rea de seguran\u00e7a como controle de rondas, o bast\u00e3o de ronda Viggia permite ainda controle de rotas de manuten\u00e7\u00e3o t\u00e9cnica, rotas de vendedores e rotas de transporte.<\/p>\n<p>Se voc\u00ea quer comprar um bast\u00e3o de ronda confi\u00e1vel, o Viggia \u00e9 a solu\u00e7\u00e3o perfeita\u00a0e com pre\u00e7o ao seu alcance!<\/p>\n<p>&nbsp;<\/p>\n<\/div>\n<\/div>\n<\/div>\n<\/div>\n<\/div>\n<div class=\"et_pb_section et_pb_section_2 et_section_specialty\">\n<div class=\"et_pb_row\">\n<div class=\"et_pb_column et_pb_column_1_2 et_pb_column_3 et_pb_css_mix_blend_mode_passthrough et_pb_column_single\">\n<div class=\"et_pb_module et_pb_text et_pb_text_4  et_pb_text_align_left et_pb_bg_layout_light\">\n<div class=\"et_pb_text_inner\">\n<h2>Como funciona o bast\u00e3o de ronda?<\/h2>\n<\/div>\n<\/div>\n<div class=\"et_pb_module et_pb_text et_pb_text_5  et_pb_text_align_left et_pb_bg_layout_light\">\n<div class=\"et_pb_text_inner\">\n<p>Os ibuttons\u00a0 devem ser instalados nos pontos de ronda e possuem um c\u00f3digo \u00fanico, possibilitando sua identifica\u00e7\u00e3o pelo software de controle e este permite atrav\u00e9s de v\u00e1rias op\u00e7\u00f5es de relat\u00f3rios, controle completo do percurso a ser seguido durante a\u00a0ronda.<\/p>\n<p>O pr\u00f3ximo passo \u00e9 a configura\u00e7\u00e3o do software de controle com a inclus\u00e3o dos dados das rondas e serem realizadas. Agora \u00e9 s\u00f3\u00a0instruir o vigia a realizar as rondas nos hor\u00e1rios cadastrados no software.<\/p>\n<p>A realiza\u00e7\u00e3o da ronda \u00e9 muito simples, basta encostar a ponteira do leitor viggia no bot\u00e3o inteligente e acompanhar\u00a0a sinaliza\u00e7\u00e3o sonora e luminosa, que orienta \u00a0o usu\u00e1rio. Por fim os dados podem ser transferidos para o software que oferece relat\u00f3rios das ocorr\u00eancias para sua an\u00e1lise.<\/p>\n<p>&nbsp;<\/p>\n<\/div>\n<\/div>\n<\/div>\n<\/div>\n<\/div>\n","protected":false},"excerpt":{"rendered":"<div class=\"et_pb_section et_pb_section_1 et_section_regular\">\n<div class=\"et_pb_row et_pb_row_1\">\n<div class=\"et_pb_column et_pb_column_4_4 et_pb_column_2  et_pb_css_mix_blend_mode_passthrough et-last-child\">\n<div class=\"et_pb_module et_pb_text et_pb_text_2  et_pb_text_align_left et_pb_bg_layout_light\">\n<div class=\"et_pb_text_inner\">\n<h2>Porque voc\u00ea precisa de um controle de ronda?<\/h2>\n<\/div>\n<\/div>\n<div class=\"et_pb_module et_pb_text et_pb_text_3  et_pb_text_align_left et_pb_bg_layout_light\">\n<div class=\"et_pb_text_inner\">\n<p>Para garantir a seguran\u00e7a de seu patrim\u00f4nio e o controle eficiente de qualquer tipo de rota a ser seguida.\u00a0O bast\u00e3o de ronda Viggia garante que a equipe de vigilantes ir\u00e1 realizar a ronda em um local de acordo com uma rotina previamente estabelecida.<\/p>\n<p>Indicado para qualquer aplica\u00e7\u00e3o que exija o controle eficiente de uma rota a ser seguida, al\u00e9m de sua aplica\u00e7\u00e3o t\u00edpica na \u00e1rea de seguran\u00e7a como controle de rondas, o bast\u00e3o de ronda Viggia permite ainda controle de rotas de manuten\u00e7\u00e3o t\u00e9cnica, rotas de vendedores e rotas de transporte.<\/p>\n<p>Se voc\u00ea quer comprar um bast\u00e3o de ronda confi\u00e1vel, o Viggia \u00e9 a solu\u00e7\u00e3o perfeita\u00a0e com pre\u00e7o ao seu alcance!<\/p>\n<p>&nbsp;<\/p>\n<\/div>\n<\/div>\n<\/div>\n<\/div>\n<\/div>\n<div class=\"et_pb_section et_pb_section_2 et_section_specialty\">\n<div class=\"et_pb_row\">\n<div class=\"et_pb_column et_pb_column_1_2 et_pb_column_3 et_pb_css_mix_blend_mode_passthrough et_pb_column_single\">\n<div class=\"et_pb_module et_pb_text et_pb_text_4  et_pb_text_align_left et_pb_bg_layout_light\">\n<div class=\"et_pb_text_inner\">\n<h2>Como funciona o bast\u00e3o de ronda?<\/h2>\n<\/div>\n<\/div>\n<div class=\"et_pb_module et_pb_text et_pb_text_5  et_pb_text_align_left et_pb_bg_layout_light\">\n<div class=\"et_pb_text_inner\">\n<p>Os ibuttons\u00a0 devem ser instalados nos pontos de ronda e possuem um c\u00f3digo \u00fanico, possibilitando sua identifica\u00e7\u00e3o pelo software de controle e este permite atrav\u00e9s de v\u00e1rias op\u00e7\u00f5es de relat\u00f3rios, controle completo do percurso a ser seguido durante a\u00a0ronda.<\/p>\n<p>O pr\u00f3ximo passo \u00e9 a configura\u00e7\u00e3o do software de controle com a inclus\u00e3o dos dados das rondas e serem realizadas. Agora \u00e9 s\u00f3\u00a0instruir o vigia a realizar as rondas nos hor\u00e1rios cadastrados no software.<\/p>\n<p>A realiza\u00e7\u00e3o da ronda \u00e9 muito simples, basta encostar a ponteira do leitor viggia no bot\u00e3o inteligente e acompanhar\u00a0a sinaliza\u00e7\u00e3o sonora e luminosa, que orienta \u00a0o usu\u00e1rio. Por fim os dados podem ser transferidos para o software que oferece relat\u00f3rios das ocorr\u00eancias para sua an\u00e1lise.<\/p>\n<p>&nbsp;<\/p>\n<\/div>\n<\/div>\n<\/div>\n<\/div>\n<\/div>\n","protected":false},"featured_media":7142,"template":"","meta":{"_joinchat":[]},"product_cat":[32,30],"product_tag":[],"class_list":{"0":"post-7141","1":"product","2":"type-product","3":"status-publish","4":"has-post-thumbnail","6":"product_cat-controle-de-vigilancia","7":"product_cat-seguranca","9":"first","10":"instock","11":"shipping-taxable","12":"purchasable","13":"product-type-simple"},"_links":{"self":[{"href":"https:\/\/acessopontotech.com.br\/index.php\/wp-json\/wp\/v2\/product\/7141","targetHints":{"allow":["GET"]}}],"collection":[{"href":"https:\/\/acessopontotech.com.br\/index.php\/wp-json\/wp\/v2\/product"}],"about":[{"href":"https:\/\/acessopontotech.com.br\/index.php\/wp-json\/wp\/v2\/types\/product"}],"version-history":[{"count":1,"href":"https:\/\/acessopontotech.com.br\/index.php\/wp-json\/wp\/v2\/product\/7141\/revisions"}],"predecessor-version":[{"id":7147,"href":"https:\/\/acessopontotech.com.br\/index.php\/wp-json\/wp\/v2\/product\/7141\/revisions\/7147"}],"wp:featuredmedia":[{"embeddable":true,"href":"https:\/\/acessopontotech.com.br\/index.php\/wp-json\/wp\/v2\/media\/7142"}],"wp:attachment":[{"href":"https:\/\/acessopontotech.com.br\/index.php\/wp-json\/wp\/v2\/media?parent=7141"}],"wp:term":[{"taxonomy":"product_cat","embeddable":true,"href":"https:\/\/acessopontotech.com.br\/index.php\/wp-json\/wp\/v2\/product_cat?post=7141"},{"taxonomy":"product_tag","embeddable":true,"href":"https:\/\/acessopontotech.com.br\/index.php\/wp-json\/wp\/v2\/product_tag?post=7141"}],"curies":[{"name":"wp","href":"https:\/\/api.w.org\/{rel}","templated":true}]}}