{"id":84,"date":"2020-12-18T13:01:59","date_gmt":"2020-12-18T16:01:59","guid":{"rendered":"http:\/\/acessopontotech.com.br\/index.php\/product\/import-placeholder-for-604\/"},"modified":"2020-12-18T13:02:37","modified_gmt":"2020-12-18T16:02:37","slug":"catraca-henry-torniquete","status":"publish","type":"product","link":"https:\/\/acessopontotech.com.br\/index.php\/product\/catraca-henry-torniquete\/","title":{"rendered":"CATRACA &#8211; HENRY &#8211; TORNIQUETE"},"content":{"rendered":"<p>Modelos: mec\u00e2nico ou semi-eletr\u00f4nico;<br \/>\nEstrutura: leve e resistente;<br \/>\nAlta Seguran\u00e7a: equipamento robusto para suportar grandes e constantes impactos;<br \/>\nDesign: barras horizontais que impedem a passagem de usu\u00e1rios n\u00e3o autorizados;<br \/>\nCustomiza\u00e7\u00e3o: solu\u00e7\u00e3o customiz\u00e1vel atrav\u00e9s de combina\u00e7\u00e3o com outros equipamentos controladores com identifica\u00e7\u00e3o por biometria, cart\u00e3o ou senha;<\/p>\n","protected":false},"excerpt":{"rendered":"<p>Catraca torniquete para controle de acesso e fluxo de pessoas;<br \/>\nPode ser acionado atrav\u00e9s de rel\u00ea por outros equipamentos e dispositivos controladores;<br \/>\nIdeal para ambientes de seguran\u00e7a r\u00edgida ou alto fluxo de pessoas;<\/p>\n<p>&nbsp;<\/p>\n","protected":false},"featured_media":143,"template":"","meta":{"_joinchat":[]},"product_cat":[24,19],"product_tag":[],"class_list":{"0":"post-84","1":"product","2":"type-product","3":"status-publish","4":"has-post-thumbnail","6":"product_cat-catracas-de-acesso","7":"product_cat-controle-de-acesso","9":"first","10":"instock","11":"featured","12":"shipping-taxable","13":"purchasable","14":"product-type-simple"},"_links":{"self":[{"href":"https:\/\/acessopontotech.com.br\/index.php\/wp-json\/wp\/v2\/product\/84","targetHints":{"allow":["GET"]}}],"collection":[{"href":"https:\/\/acessopontotech.com.br\/index.php\/wp-json\/wp\/v2\/product"}],"about":[{"href":"https:\/\/acessopontotech.com.br\/index.php\/wp-json\/wp\/v2\/types\/product"}],"version-history":[{"count":0,"href":"https:\/\/acessopontotech.com.br\/index.php\/wp-json\/wp\/v2\/product\/84\/revisions"}],"wp:featuredmedia":[{"embeddable":true,"href":"https:\/\/acessopontotech.com.br\/index.php\/wp-json\/wp\/v2\/media\/143"}],"wp:attachment":[{"href":"https:\/\/acessopontotech.com.br\/index.php\/wp-json\/wp\/v2\/media?parent=84"}],"wp:term":[{"taxonomy":"product_cat","embeddable":true,"href":"https:\/\/acessopontotech.com.br\/index.php\/wp-json\/wp\/v2\/product_cat?post=84"},{"taxonomy":"product_tag","embeddable":true,"href":"https:\/\/acessopontotech.com.br\/index.php\/wp-json\/wp\/v2\/product_tag?post=84"}],"curies":[{"name":"wp","href":"https:\/\/api.w.org\/{rel}","templated":true}]}}