{"id":86,"date":"2020-12-18T13:01:59","date_gmt":"2020-12-18T16:01:59","guid":{"rendered":"http:\/\/acessopontotech.com.br\/index.php\/product\/import-placeholder-for-610\/"},"modified":"2020-12-18T13:02:39","modified_gmt":"2020-12-18T16:02:39","slug":"controle-de-acesso-henry-mini-totem","status":"publish","type":"product","link":"https:\/\/acessopontotech.com.br\/index.php\/product\/controle-de-acesso-henry-mini-totem\/","title":{"rendered":"CONTROLE DE ACESSO &#8211; HENRY &#8211; MINI TOTEM"},"content":{"rendered":"<p>\u00danico com este conceito no mercado e com pre\u00e7os atraentes. Estrutura com design moderno, desenvolvido em a\u00e7o com pintura em ep\u00f3xi e tratamento anticorrosivo. Interface intuitiva e de f\u00e1cil utiliza\u00e7\u00e3o. Sistema de aux\u00edlio visual com leds que indicam a confirma\u00e7\u00e3o de registros. Cont\u00e9m encaixes r\u00e1pidos e simples, facilitando sua instala\u00e7\u00e3o. Configura\u00e7\u00e3o de aviso sonoro ao utilizar as teclas do teclado. Mem\u00f3ria expans\u00edvel que pode armazenar at\u00e9 65.000 registros. Disposi\u00e7\u00e3o para a liga\u00e7\u00e3o de at\u00e9 3 reles para acionamento de sirenes, l\u00e2mpadas, cancelas, fechaduras magn\u00e9ticas entre outros acess\u00f3rios para sinaliza\u00e7\u00e3o e controle. Atualiza\u00e7\u00e3o do firmware (programa residente na placa do equipamento) em campo via software. Trabalha com v\u00e1rios tipos de comunica\u00e7\u00e3o, tornando-se um equipamento mold\u00e1vel \u00e0 necessidade do cliente e adapt\u00e1vel ao ambiente. Pode trabalhar com comunica\u00e7\u00e3o direta com um computador (Online), StandAlone (Offline) ou intercambiar entre os dois modos caso seja necess\u00e1rio. NoBreak interno que mant\u00e9m o equipamento em funcionamento quando da falta de energia da rele el\u00e9trica informando no display que se encontra em uso. Aviso no display de quando a mem\u00f3ria est\u00e1 50 % e 100% ocupada. Software de configura\u00e7\u00e3o fornecido gratuitamente (Henry Configura\u00e7\u00f5es 7x).<\/p>\n","protected":false},"excerpt":{"rendered":"<p><strong><span class=\"style2\">Controle de acesso Mini Totem<\/span><\/strong><\/p>\n<div id=\"desc-prod5\">\n<p>Para estacionamentos, garagens ou qualquer espa\u00e7o com fluxo de ve\u00edculos, aciona at\u00e9 03 equipamentos externos (cancelas, sirenes, fechos eletromagn\u00e9ticos, etc.),opera conectado ao computador ou em modo Stand-alone (sem a necessidade de estar conectado a nenhum equipamento), possui v\u00e1rios tipos de comunica\u00e7\u00e3o.<\/p>\n<\/div>\n","protected":false},"featured_media":147,"template":"","meta":{"_joinchat":[]},"product_cat":[19,25],"product_tag":[],"class_list":{"0":"post-86","1":"product","2":"type-product","3":"status-publish","4":"has-post-thumbnail","6":"product_cat-controle-de-acesso","7":"product_cat-totem","9":"first","10":"instock","11":"shipping-taxable","12":"purchasable","13":"product-type-simple"},"_links":{"self":[{"href":"https:\/\/acessopontotech.com.br\/index.php\/wp-json\/wp\/v2\/product\/86","targetHints":{"allow":["GET"]}}],"collection":[{"href":"https:\/\/acessopontotech.com.br\/index.php\/wp-json\/wp\/v2\/product"}],"about":[{"href":"https:\/\/acessopontotech.com.br\/index.php\/wp-json\/wp\/v2\/types\/product"}],"version-history":[{"count":0,"href":"https:\/\/acessopontotech.com.br\/index.php\/wp-json\/wp\/v2\/product\/86\/revisions"}],"wp:featuredmedia":[{"embeddable":true,"href":"https:\/\/acessopontotech.com.br\/index.php\/wp-json\/wp\/v2\/media\/147"}],"wp:attachment":[{"href":"https:\/\/acessopontotech.com.br\/index.php\/wp-json\/wp\/v2\/media?parent=86"}],"wp:term":[{"taxonomy":"product_cat","embeddable":true,"href":"https:\/\/acessopontotech.com.br\/index.php\/wp-json\/wp\/v2\/product_cat?post=86"},{"taxonomy":"product_tag","embeddable":true,"href":"https:\/\/acessopontotech.com.br\/index.php\/wp-json\/wp\/v2\/product_tag?post=86"}],"curies":[{"name":"wp","href":"https:\/\/api.w.org\/{rel}","templated":true}]}}