{"id":87,"date":"2020-12-18T13:02:00","date_gmt":"2020-12-18T16:02:00","guid":{"rendered":"http:\/\/acessopontotech.com.br\/index.php\/product\/import-placeholder-for-614\/"},"modified":"2020-12-18T13:02:39","modified_gmt":"2020-12-18T16:02:39","slug":"orion-cr-controle-de-acesso-refeitorios","status":"publish","type":"product","link":"https:\/\/acessopontotech.com.br\/index.php\/product\/orion-cr-controle-de-acesso-refeitorios\/","title":{"rendered":"ORION CR &#8211; CONTROLE DE ACESSO &#8211; REFEIT\u00d3RIOS"},"content":{"rendered":"<p>Possui estrutura com design moderno e leds que indicam a confirma\u00e7\u00e3o de registros.<br \/>\nOs dados s\u00e3o gravados em um cartucho USB. Este modo de grava\u00e7\u00e3o oferece total prote\u00e7\u00e3o contra a perda de dados, pois o cartucho USB n\u00e3o \u00e9 afetado caso o equipamento venha a sofrer alguma pane ou descarga el\u00e9trica.<br \/>\nDuas capacidades de armazenamento de digitais: 1900 digitais (padr\u00e3o) ou 9500 digitais opcional.<br \/>\nPermite formata\u00e7\u00e3o da mem\u00f3ria que ser\u00e1 utilizada para os cadastros, podendo-se definir o espa\u00e7o para lista de acesso, tabelas de hor\u00e1rios, escalas, feriados, mensagens especificas, fun\u00e7\u00f5es e acionamentos, moldando-se completamente conforme as necessidades do cliente.<\/p>\n<p>Mem\u00f3ria expans\u00edvel que pode armazenar at\u00e9 65.000 registros.<br \/>\nAviso no display de quando a mem\u00f3ria de registros est\u00e1 50 % e 100% ocupada.<br \/>\nPoss\u00edvel configurar at\u00e9 3 linhas no comprovante impresso.<br \/>\n\u00c9 informado no comprovante impresso as mensagens configur\u00e1veis, data e hora e numero da matricula do usu\u00e1rio.<br \/>\nPossi mecanismo Impressor t\u00e9rmico com capacidade de impress\u00e3o de 32 caracteres por linha.<br \/>\nTrabalha com bobinas de 147 mm de di\u00e2metro.<br \/>\nImpressora de alta resolu\u00e7\u00e3o com guilhotina para corte autom\u00e1tico do papel.<br \/>\nO equipamento opera com energia el\u00e9trica e no-break (opcional).<br \/>\nDisposi\u00e7\u00e3o para a liga\u00e7\u00e3o de at\u00e9 2 reles para acionamento de sirenes, l\u00e2mpadas, fechaduras magn\u00e9ticas entre outros acess\u00f3rios de sinaliza\u00e7\u00e3o.<\/p>\n<p>Atualiza\u00e7\u00e3o do firmware (programa residente na placa do rel\u00f3gio) via software, evitando a remo\u00e7\u00e3o de componentes do equipamento.<br \/>\nPossui calend\u00e1rio perp\u00e9tuo. Este calend\u00e1rio opera mesmo se o equipamento ficar durante 1 ano sem energia, realizando o ajuste autom\u00e1tico de virada de dia, semana e m\u00eas, sem perder a data e a hora configuradas.<br \/>\nConfigura\u00e7\u00e3o do hor\u00e1rio de ver\u00e3o para mudan\u00e7a autom\u00e1tica do rel\u00f3gio.<br \/>\nCont\u00e9m menu interno de configura\u00e7\u00f5es, para ajustar o funcionamento da comunica\u00e7\u00e3o e realizar cadastro de digitais no pr\u00f3prio rel\u00f3gio.<br \/>\nTrabalha com v\u00e1rios modos de comunica\u00e7\u00e3o. Com isso ele se torna um equipamento que \u00e9 mold\u00e1vel a necessidade do cliente e aumenta a praticidade de adapta\u00e7\u00e3o ao ambiente.<br \/>\nOpera em v\u00e1rios modos de trabalho, podendo estar em comunica\u00e7\u00e3o direta com um computador (Online) ou StandAlone, sem a necessidade de estar conectado em um computador para controle de acesso dos funcion\u00e1rios, podendo tamb\u00e9m trabalhar nos dois modos simultaneamente.<\/p>\n<p>Os funcion\u00e1rios podem indicar motivos de atraso para entrada ou de sa\u00edda antecipada com a utiliza\u00e7\u00e3o de fun\u00e7\u00f5es configuradas via software (Henry Configura\u00e7\u00f5es 7x).<br \/>\nExclusivo sistema de Fun\u00e7\u00f5es Espec\u00edficas, que permite exibir para matr\u00edculas espec\u00edficas mensagens por meio de fun\u00e7\u00f5es configuradas via software, a grande vantagem desse recurso \u00e9 que a mensagem pode ser visualizada sem a necessidade.<br \/>\nPossui sistema para travamento de fun\u00e7\u00e3o, onde todos os registros gerados ser\u00e3o gravados com a fun\u00e7\u00e3o configurada.<br \/>\nRealiza o controle dos hor\u00e1rios dos funcion\u00e1rios por meio de tabelas de hor\u00e1rios, per\u00edodos e escalas.<br \/>\nPermite a configura\u00e7\u00e3o de lista de acesso para indica\u00e7\u00e3o da opera\u00e7\u00e3o para matriculas especificas e configura\u00e7\u00f5es de acesso do funcion\u00e1rio no equipamento.<\/p>\n<p>Opera com AutoOn, fun\u00e7\u00e3o que permite realizar a verifica\u00e7\u00e3o da digital somente colocando o dedo no sensor, sem a necessidade de digitar a matricula, utilizar o crach\u00e1 ou a tecla de verifica\u00e7\u00e3o dispon\u00edvel no teclado. Essa fun\u00e7\u00e3o pode ser ativada ou desativada via software ou pela configura\u00e7\u00e3o via menu.<br \/>\nVerifica\u00e7\u00e3o da impress\u00e3o digital em modo Online sem a necessidade de cadastro do funcion\u00e1rio no equipamento, somente no computador onde o software (Henry Configura\u00e7\u00f5es 7x) esta operando.<br \/>\nA leitora pode ser configurada para trabalhar com cart\u00f5es que tenham uma quantidade especifica de d\u00edgitos, entre 03 e 20 d\u00edgitos (o padr\u00e3o \u00e9 8 digitos).<br \/>\nConfigura\u00e7\u00e3o de hor\u00e1rios para acionamento de sirene, indicando o inicio de expediente e o t\u00e9rmino do mesmo, entre outras indica\u00e7\u00f5es.<br \/>\nRecurso de Anti-PassBack para funcionamento Offline, n\u00e3o permitindo que os funcion\u00e1rios registrem mais de uma vez o mesmo acesso.<\/p>\n<p>Faz o controle de reentrada Online, com configura\u00e7\u00f5es feitas via software (Henry Configura\u00e7\u00f5es 7x) \u00e9 poss\u00edvel controlar o acesso duplicado e o tempo de bloqueio para realizar os acessos.<br \/>\nPara maior seguran\u00e7a da configura\u00e7\u00e3o realizada pelo menu do equipamento permite-se ativar uma senha de seguran\u00e7a, definida via software (Henry Configura\u00e7\u00f5es 7x) de 5 d\u00edgitos.<br \/>\nSoftware para configura\u00e7\u00e3o e gerenciamento fornecido gratuitamente (Henry Configura\u00e7\u00f5es 7x).<\/p>\n<div>(1) Valores calculados para matriculas de quatro d\u00edgitos.<br \/>\n(2) Cartucho USB de 2m.<br \/>\n(3) Cartucho USB de 8m.<br \/>\n(4) Varia entre 1900 ou 9500 digitais<br \/>\n(5) Combina\u00e7\u00e3o entre os hor\u00e1rios.<br \/>\n(6) Valores calculados com mensagens contendo apenas uma matricula.<br \/>\n(7) Necessita software adicional.<\/div>\n<div><\/div>\n<p><strong>El\u00e9trica<\/strong><\/p>\n<p><span class=\"kp\" style=\"font-size: 14.4px;\">Fonte Chaveada :<\/span><span style=\"font-size: 14.4px;\">\u00a090 a 265 VAC .\u00a0<\/span><\/p>\n<div>\n<p><span class=\"kp\">Tens\u00e3o de Opera\u00e7\u00e3o :<\/span>\u00a012 Volts.<br \/>\n<span class=\"kp\">Pot\u00eancia m\u00e9dia :<\/span>\u00a01.800mW.<br \/>\n<span class=\"kp\">Consumo m\u00e9dio de corrente :<\/span>\u00a0330mA.<br \/>\n<span class=\"kp\">Bateria Interna :<\/span>\u00a012 V para alimenta\u00e7\u00e3o em caso de falta de energia (no-break interno).<\/p>\n<p><strong>Ambiente<\/strong><\/p>\n<div>\n<div id=\"ambiente\" class=\"hideprd\"><span class=\"kp\">Temperatura de opera\u00e7\u00e3o:<\/span>\u00a0&#8211; 15\u00b0C a 55\u00b0C (sem condensa\u00e7\u00e3o).<br \/>\n<span class=\"kp\">Temperatura para estocagem:<\/span>\u00a0&#8211; 20\u00b0C a 60\u00b0C.<br \/>\n<span class=\"kp\">Faixa de umidade para funcionamento:<\/span>\u00a00% a 95%.<\/div>\n<\/div>\n<p>&nbsp;<\/p>\n<\/div>\n","protected":false},"excerpt":{"rendered":"<p>Orion CR \u00e9 a nova solu\u00e7\u00e3o que a Henry projetou para sua empresa. Tenha total controle sobre quantos funcion\u00e1rios ir\u00e3o realizar a refei\u00e7\u00e3o, evitando desperd\u00edcio ou falta de comida. Dispon\u00edvel em diversas tecnologias de leitores e comunica\u00e7\u00e3o e pode ser utilizado em conjunto com uma catraca<\/p>\n","protected":false},"featured_media":150,"template":"","meta":{"_joinchat":[]},"product_cat":[20,19],"product_tag":[],"class_list":{"0":"post-87","1":"product","2":"type-product","3":"status-publish","4":"has-post-thumbnail","6":"product_cat-acessorios-controle-de-acesso","7":"product_cat-controle-de-acesso","9":"first","10":"instock","11":"featured","12":"shipping-taxable","13":"purchasable","14":"product-type-simple"},"_links":{"self":[{"href":"https:\/\/acessopontotech.com.br\/index.php\/wp-json\/wp\/v2\/product\/87","targetHints":{"allow":["GET"]}}],"collection":[{"href":"https:\/\/acessopontotech.com.br\/index.php\/wp-json\/wp\/v2\/product"}],"about":[{"href":"https:\/\/acessopontotech.com.br\/index.php\/wp-json\/wp\/v2\/types\/product"}],"version-history":[{"count":0,"href":"https:\/\/acessopontotech.com.br\/index.php\/wp-json\/wp\/v2\/product\/87\/revisions"}],"wp:featuredmedia":[{"embeddable":true,"href":"https:\/\/acessopontotech.com.br\/index.php\/wp-json\/wp\/v2\/media\/150"}],"wp:attachment":[{"href":"https:\/\/acessopontotech.com.br\/index.php\/wp-json\/wp\/v2\/media?parent=87"}],"wp:term":[{"taxonomy":"product_cat","embeddable":true,"href":"https:\/\/acessopontotech.com.br\/index.php\/wp-json\/wp\/v2\/product_cat?post=87"},{"taxonomy":"product_tag","embeddable":true,"href":"https:\/\/acessopontotech.com.br\/index.php\/wp-json\/wp\/v2\/product_tag?post=87"}],"curies":[{"name":"wp","href":"https:\/\/api.w.org\/{rel}","templated":true}]}}