{"id":88,"date":"2020-12-18T13:02:00","date_gmt":"2020-12-18T16:02:00","guid":{"rendered":"http:\/\/acessopontotech.com.br\/index.php\/product\/import-placeholder-for-617\/"},"modified":"2020-12-18T13:02:40","modified_gmt":"2020-12-18T16:02:40","slug":"fechadura-eletronica-argos-biometria","status":"publish","type":"product","link":"https:\/\/acessopontotech.com.br\/index.php\/product\/fechadura-eletronica-argos-biometria\/","title":{"rendered":"FECHADURA ELETR\u00d4NICA &#8211; ARGOS &#8211; BIOMETRIA"},"content":{"rendered":"<p><b>CARACTER\u00cdSTICAS<\/b><\/p>\n<p>Equipamento desenvolvido para gest\u00e3o de controle de acesso \u00e0 ambientes.<br \/>\nFaz o gerenciamento do acesso para at\u00e9 2.000 pessoas.<br \/>\nDesign arrojado e pequeno que se harmoniza com os mais diversos ambientes.<br \/>\nArmazena em mem\u00f3ria os \u00faltimos 150.000 eventos.<br \/>\nSistema de sinaliza\u00e7\u00e3o sonora e visual do status do equipamento.<br \/>\nPossui entradas para sensores para controle do ambiente.<br \/>\nTrabalha com v\u00e1rias tecnologias de identifica\u00e7\u00e3o e de comunica\u00e7\u00e3o, moldando-se \u00e0 necessidade do cliente e ao ambiente.<br \/>\nEquipamento dotado das seguintes tecnologias de identifica\u00e7\u00e3o: Biometria e RFiD Proximidade.<br \/>\nSistema de captura autom\u00e1tica da digital, no qual a pessoa unicamente posiciona o dedo no sensor biom\u00e9trico para executar a leitura.<br \/>\nSistema de monitoramento de eventos e status: via software ou pelo aplicativo Web \u00e9 poss\u00edvel verificar a situa\u00e7\u00e3o do sensor de porta, botoeira, alarme e acesso.<br \/>\nEstrutura mec\u00e2nica com suporte a fixa\u00e7\u00e3o em caixas 4&#215;2.<br \/>\nAcompanha conjunto de cabos para liga\u00e7\u00e3o dos perif\u00e9ricos e fonte externa 12 V para alimenta\u00e7\u00e3o do equipamento.<\/p>\n<p><strong>OPERACIONAL\u00a0<\/strong><\/p>\n<div id=\"operacional\" class=\"hideprd\"><span class=\"kp\">Leitor biom\u00e9trico:\u00a0<\/span>Sensor \u00f3tico, resistente a riscos e desgaste, de 500 dpi e capacidade de armazenamento de at\u00e9 15.000 ou 9.500 ou 1.900 ou 300 digitais. Opcional: possui um circuito eletr\u00f4nico especial LFD (Live Finger Detection) anti-fraude, que faz a detec\u00e7\u00e3o de dedo vivo, permitindo identificar tentativas de fraude como a utiliza\u00e7\u00e3o de digitais falsas de silicone e gelatina;<br \/>\n<span class=\"kp\">IP65:<\/span>\u00a0\u00cdndice de prote\u00e7\u00e3o IP65, ainda mais resistente a \u00e1gua e poeira (Opcional);<br \/>\n<span class=\"kp\">Leitor de cart\u00f5es RFiD:<\/span>\u00a0Proximidade padr\u00e3o Unique (125kHz);<br \/>\n<span class=\"kp\">Autonomia de at\u00e9 150.000 eventos na mem\u00f3ria do equipamento:\u00a0<\/span>Possibilidade de grava\u00e7\u00e3o em modo c\u00edclico.<br \/>\n<span class=\"kp\">Equipamento com sistema eletr\u00f4nico de prote\u00e7\u00e3o:\u00a0<\/span>Impede retirada da parede com sinaliza\u00e7\u00e3o sonora e visual.<br \/>\nPossui um rel\u00e9 embarcado.<br \/>\n<span class=\"kp\">Duas entradas digitais:\u00a0<\/span>Podem ser usadas para controle de sensor de porta, botoeira e alarme.<br \/>\nEntrada para 2\u00aa leitora de proximidade.<br \/>\n<span class=\"kp\">Aplicativo Web embarcado:<\/span>\u00a0N\u00e3o precisa ser instalado, com suporte a qualquer sistema operacional que possua um navegador de internet.<br \/>\n<span class=\"kp\">Armazenamento dos dados:<\/span>\u00a0mem\u00f3ria flash.<br \/>\n<span class=\"kp\">Valida\u00e7\u00e3o de acesso<\/span>\u00a0pode ser feita usando os dados contidos no equipamento (offline) ou no servidor (online) ou em ambos (onoff).<br \/>\n<span class=\"kp\">Smart acesso:\u00a0<\/span>O cadastro de cart\u00f5es e digitais \u00e9 feito direto no equipamento.<br \/>\n<span class=\"kp\">Comunica\u00e7\u00e3o:\u00a0<\/span>TCP-IP 10\/100 MBits Nativo ou Serial RS232 em 115.200 bps.<br \/>\n<span class=\"kp\">M\u00f3dulo biom\u00e9trico:\u00a0<\/span>Trabalha nos modos 1:N e 1:1, onde 1:N \u00e9 o reconhecimento feito apenas colocando o dedo no sensor biom\u00e9trico e 1:1 \u00e9 o reconhecimento feito com a pr\u00e9via informa\u00e7\u00e3o da matr\u00edcula e em seguida colocando o dedo no sensor biom\u00e9trico.<br \/>\n<span class=\"kp\">Captura autom\u00e1tica de digitais:\u00a0<\/span>Sem que seja necess\u00e1rio pressionar um bot\u00e3o para iniciar o processo de 1:N.<br \/>\n<span class=\"kp\">Sistema interno de monitoramento:\u00a0<\/span>Dos n\u00edveis das tens\u00f5es e de travamento do processador.<br \/>\n<span class=\"kp\">Cadastro de digitais:\u00a0<\/span>Sem necessidade de software auxiliar, automaticamente no equipamento, ou utilizando o Aplicativo WEB Embarcado;<\/div>\n<div><\/div>\n<div class=\"hideprd\"><b>EL\u00c9TRICA<\/b><\/div>\n<div><\/div>\n<div class=\"hideprd\"><span class=\"kp\">Fonte Chaveada:<\/span>\u00a090 a 235 Vac.<br \/>\n<span class=\"kp\">Tens\u00e3o de Opera\u00e7\u00e3o:<\/span>\u00a012 V.<br \/>\n<span class=\"kp\">Pot\u00eancia m\u00e9dia:<\/span>\u00a06 W.<br \/>\n<span class=\"kp\">Consumo m\u00e9dio de corrente:<\/span>\u00a0500 mA.<\/div>\n<div class=\"hideprd\"><span class=\"kp\">Temperatura de Opera\u00e7\u00e3o:<\/span>\u00a0&#8211; 15\u00b0C a 55\u00b0C (sem condensa\u00e7\u00e3o).<br \/>\n<span class=\"kp\">Temperatura para Estocagem:<\/span>\u00a0&#8211; 20\u00b0C a 60\u00b0C.<br \/>\n<span class=\"kp\">Faixa de umidade para funcionamento:<\/span>\u00a00% a 95%.<br \/>\n<span class=\"kp\">N\u00edvel aceit\u00e1vel de Luz para funcionamento:<\/span>\u00a03000 Lux.<\/div>\n","protected":false},"excerpt":{"rendered":"<p>Com a finalidade de unir design e tecnologia, o Argos traz o que h\u00e1 de mais moderno no segmento de controle de acesso. Com gerenciamento de at\u00e9 2.000 usu\u00e1rios, armazena os \u00faltimos 150.000 registros de acesso. Possui op\u00e7\u00e3o de leitor RFID ou biometria, comunica\u00e7\u00e3o TCP\/IP, al\u00e9m de aplicativo Web Server que proporciona praticidade aos seus usu\u00e1rios. Sua estrutura compacta e design premiado d\u00e3o ao Argos o toque final de uma solu\u00e7\u00e3o inovadora.<\/p>\n","protected":false},"featured_media":152,"template":"","meta":{"_joinchat":[]},"product_cat":[19,26],"product_tag":[],"class_list":{"0":"post-88","1":"product","2":"type-product","3":"status-publish","4":"has-post-thumbnail","6":"product_cat-controle-de-acesso","7":"product_cat-fechaduras-eletronicas","9":"first","10":"instock","11":"featured","12":"shipping-taxable","13":"purchasable","14":"product-type-simple"},"_links":{"self":[{"href":"https:\/\/acessopontotech.com.br\/index.php\/wp-json\/wp\/v2\/product\/88","targetHints":{"allow":["GET"]}}],"collection":[{"href":"https:\/\/acessopontotech.com.br\/index.php\/wp-json\/wp\/v2\/product"}],"about":[{"href":"https:\/\/acessopontotech.com.br\/index.php\/wp-json\/wp\/v2\/types\/product"}],"version-history":[{"count":0,"href":"https:\/\/acessopontotech.com.br\/index.php\/wp-json\/wp\/v2\/product\/88\/revisions"}],"wp:featuredmedia":[{"embeddable":true,"href":"https:\/\/acessopontotech.com.br\/index.php\/wp-json\/wp\/v2\/media\/152"}],"wp:attachment":[{"href":"https:\/\/acessopontotech.com.br\/index.php\/wp-json\/wp\/v2\/media?parent=88"}],"wp:term":[{"taxonomy":"product_cat","embeddable":true,"href":"https:\/\/acessopontotech.com.br\/index.php\/wp-json\/wp\/v2\/product_cat?post=88"},{"taxonomy":"product_tag","embeddable":true,"href":"https:\/\/acessopontotech.com.br\/index.php\/wp-json\/wp\/v2\/product_tag?post=88"}],"curies":[{"name":"wp","href":"https:\/\/api.w.org\/{rel}","templated":true}]}}