{"id":90,"date":"2020-12-18T13:02:00","date_gmt":"2020-12-18T16:02:00","guid":{"rendered":"http:\/\/acessopontotech.com.br\/index.php\/product\/import-placeholder-for-624\/"},"modified":"2020-12-18T13:02:41","modified_gmt":"2020-12-18T16:02:41","slug":"fechadura-eletronica-biometrica-dl-1500-abs","status":"publish","type":"product","link":"https:\/\/acessopontotech.com.br\/index.php\/product\/fechadura-eletronica-biometrica-dl-1500-abs\/","title":{"rendered":"FECHADURA ELETR\u00d4NICA &#8211; BIOM\u00c9TRICA DL 1500 ABS"},"content":{"rendered":"<p>&#8216;- Capacidade para 99 digitais e 1 senha<br \/>\n&#8211; Stand alone &#8211; funciona com pilhas alcalinas<br \/>\n&#8211; Capacidade para 99 digitais e 1 senha<br \/>\n&#8211; Stand alone &#8211; funciona com pilhas alcalinas<br \/>\n&#8211; Ma\u00e7aneta revers\u00edvel<br \/>\n&#8211; Gerenciamento feito atrav\u00e9s de digital master<br \/>\n&#8211; Dois n\u00edveis de status: master e usu\u00e1rios<br \/>\n&#8211; Cadastramento e exclus\u00e3o de usu\u00e1rios feitos individualmente na pr\u00f3pria fechadura<br \/>\n&#8211; Leitor acionado automaticamente com a aproxima\u00e7\u00e3o da digital<br \/>\n&#8211; Trava de a\u00e7o temperado resistente a 1.000 Kg de press\u00e3o<br \/>\n&#8211; Tr\u00eas modos de abertura: impress\u00e3o digital, senha ou chaves<br \/>\n&#8211; Leitor de alta resolu\u00e7\u00e3o 500dpi<br \/>\n&#8211; Reconhecimento da digital em 360\u00b0<br \/>\n&#8211; Modo de passagem livre para festas e reuni\u00f5es<br \/>\n&#8211; Atende a todas as normas internacionais de qualidade<br \/>\n&#8211; Caixa de metal altamente resistente com tratamento anti corrosivo<br \/>\n&#8211; Funciona com 4 pilhas alcalinas com dura\u00e7\u00e3o aproximada de um ano<br \/>\n&#8211; Plug de emerg\u00eancia para baterias de 9V<br \/>\n&#8211; Um ano de garantia contra defeitos de fabrica\u00e7\u00e3o<br \/>\n&#8211; Mem\u00f3ria Flash: n\u00e3o perde os cadastros na falta de pilhas<br \/>\n&#8211; Adapt\u00e1vel para portas de Vidros e de Correr:- Capacidade para 99 digitais e 1 senha<br \/>\n&#8211; Stand alone &#8211; funciona com pilhas alcalinas<br \/>\n&#8211; Ma\u00e7aneta revers\u00edvel<br \/>\n&#8211; Gerenciamento feito atrav\u00e9s de digital master<br \/>\n&#8211; Dois n\u00edveis de status: master e usu\u00e1rios<br \/>\n&#8211; Cadastramento e exclus\u00e3o de usu\u00e1rios feitos individualmente na pr\u00f3pria fechadura<br \/>\n&#8211; Leitor acionado automaticamente com a aproxima\u00e7\u00e3o da digital<br \/>\n&#8211; Trava de a\u00e7o temperado resistente a 1.000 Kg de press\u00e3o<br \/>\n&#8211; Tr\u00eas modos de abertura: impress\u00e3o digital, senha ou chaves<br \/>\n&#8211; Leitor de alta resolu\u00e7\u00e3o 500dpi<br \/>\n&#8211; Reconhecimento da digital em 360\u00b0<br \/>\n&#8211; Modo de passagem livre para festas e reuni\u00f5es<br \/>\n&#8211; Atende a todas as normas internacionais de qualidade<br \/>\n&#8211; Caixa de metal altamente resistente com tratamento anti corrosivo<br \/>\n&#8211; Funciona com 4 pilhas alcalinas com dura\u00e7\u00e3o aproximada de um ano<br \/>\n&#8211; Plug de emerg\u00eancia para baterias de 9V<br \/>\n&#8211; Um ano de garantia contra defeitos de fabrica\u00e7\u00e3o<br \/>\n&#8211; Mem\u00f3ria Flash: n\u00e3o perde os cadastros na falta de pilhas<br \/>\n&#8211; Adapt\u00e1vel para portas de Vidros e de Correr:<\/p>\n","protected":false},"excerpt":{"rendered":"<p>&#8216;- Capacidade para 99 digitais e 1 senha<br \/>\n&#8211; Stand alone &#8211; funciona com pilhas alcalinas<br \/>\n&#8211; Ma\u00e7aneta revers\u00edvel<br \/>\n&#8211; Gerenciamento feito atrav\u00e9s de digital master<br \/>\n&#8211; Dois n\u00edveis de status: master e usu\u00e1rios<br \/>\n&#8211; Cadastramento e exclus\u00e3o de usu\u00e1rios feitos individualmente na pr\u00f3pria fechadura<br \/>\n&#8211; Leitor acionado automaticamente com a aproxima\u00e7\u00e3o da digital<br \/>\n&#8211; Trava de a\u00e7o temperado resistente a 1.000 Kg de press\u00e3o<br \/>\n&#8211; Tr\u00eas modos de abertura: impress\u00e3o digital, senha ou chaves<br \/>\n&#8211; Leitor de alta resolu\u00e7\u00e3o 500dpi<br \/>\n&#8211; Reconhecimento da digital em 360\u00b0<br \/>\n&#8211; Modo de passagem livre para festas e reuni\u00f5es<br \/>\n&#8211; Atende a todas as normas internacionais de qualidade<br \/>\n&#8211; Caixa de metal altamente resistente com tratamento anti corrosivo<br \/>\n&#8211; Funciona com 4 pilhas alcalinas com dura\u00e7\u00e3o aproximada de um ano<br \/>\n&#8211; Plug de emerg\u00eancia para baterias de 9V<br \/>\n&#8211; Um ano de garantia contra defeitos de fabrica\u00e7\u00e3o<br \/>\n&#8211; Mem\u00f3ria Flash: n\u00e3o perde os cadastros na falta de pilhas<br \/>\n&#8211; Adapt\u00e1vel para portas de Vidros e de Correr:<\/p>\n","protected":false},"featured_media":156,"template":"","meta":{"_joinchat":[]},"product_cat":[19,26],"product_tag":[],"class_list":{"0":"post-90","1":"product","2":"type-product","3":"status-publish","4":"has-post-thumbnail","6":"product_cat-controle-de-acesso","7":"product_cat-fechaduras-eletronicas","9":"first","10":"instock","11":"shipping-taxable","12":"purchasable","13":"product-type-simple"},"_links":{"self":[{"href":"https:\/\/acessopontotech.com.br\/index.php\/wp-json\/wp\/v2\/product\/90","targetHints":{"allow":["GET"]}}],"collection":[{"href":"https:\/\/acessopontotech.com.br\/index.php\/wp-json\/wp\/v2\/product"}],"about":[{"href":"https:\/\/acessopontotech.com.br\/index.php\/wp-json\/wp\/v2\/types\/product"}],"version-history":[{"count":0,"href":"https:\/\/acessopontotech.com.br\/index.php\/wp-json\/wp\/v2\/product\/90\/revisions"}],"wp:featuredmedia":[{"embeddable":true,"href":"https:\/\/acessopontotech.com.br\/index.php\/wp-json\/wp\/v2\/media\/156"}],"wp:attachment":[{"href":"https:\/\/acessopontotech.com.br\/index.php\/wp-json\/wp\/v2\/media?parent=90"}],"wp:term":[{"taxonomy":"product_cat","embeddable":true,"href":"https:\/\/acessopontotech.com.br\/index.php\/wp-json\/wp\/v2\/product_cat?post=90"},{"taxonomy":"product_tag","embeddable":true,"href":"https:\/\/acessopontotech.com.br\/index.php\/wp-json\/wp\/v2\/product_tag?post=90"}],"curies":[{"name":"wp","href":"https:\/\/api.w.org\/{rel}","templated":true}]}}