{"id":91,"date":"2020-12-18T13:02:00","date_gmt":"2020-12-18T16:02:00","guid":{"rendered":"http:\/\/acessopontotech.com.br\/index.php\/product\/import-placeholder-for-630\/"},"modified":"2020-12-18T13:02:42","modified_gmt":"2020-12-18T16:02:42","slug":"fechadura-eletronica-biometrica-dl-3000","status":"publish","type":"product","link":"https:\/\/acessopontotech.com.br\/index.php\/product\/fechadura-eletronica-biometrica-dl-3000\/","title":{"rendered":"FECHADURA ELETR\u00d4NICA &#8211; BIOM\u00c9TRICA DL 3000"},"content":{"rendered":"","protected":false},"excerpt":{"rendered":"<p>&#8216;- Capacidade para 300 digitais de 100 usu\u00e1rios (cada usu\u00e1rio com 3 digitais cadastradas)<br \/>\n&#8211; Tr\u00eas n\u00edveis de status: master, usu\u00e1rio e tempor\u00e1rio<br \/>\n&#8211; Gerenciamento de usu\u00e1rio e auditoria, o sistema permite o gerenciamento completo de usu\u00e1rios<br \/>\n&#8211; Visor de LCD com multifun\u00e7\u00f5es integradas<br \/>\n&#8211; Rede TCP\/IP. A DL 3000 pode ser integrada a qualquer rede de computa\u00e7\u00e3o<br \/>\n&#8211; 4 formas de abertura, Impress\u00e3o digital, senha, senha + impress\u00e3o digital e chave mec\u00e2nica<br \/>\n&#8211; Sensor ativado automaticamente quando se levanta a tampa slide<br \/>\n&#8211; Em modo tcp\/ip \u00e9 preciso que a fechadura esteja conectada na rede el\u00e9trica, onde as pilhas servir\u00e3o somente para back up em caso de falta de energia<br \/>\n&#8211; Registro de digitais n\u00e3o s\u00e3o perdidos e a fechadura n\u00e3o abre caso falte energia<br \/>\n&#8211; Sensor de alta resolu\u00e7\u00e3o 500dpi<br \/>\n&#8211; Software de controle de acesso em portugu\u00eas, com acesso dos \u00faltimos 50.000 registros<br \/>\n&#8211; Funciona tamb\u00e9m em modo stand alone (pilhas alcalinas), permitindo auditoria dos 5.000 \u00faltimos registros no visor de LCD<br \/>\n&#8211; Um ano de garantia contra defeitos de fabrica\u00e7\u00e3o<br \/>\n&#8211; Fechadura funciona sob qualquer condi\u00e7\u00e3o meteorol\u00f3gica entre -25 \u00b0c e 75\u00b0c.<br \/>\n&#8211; Feita em liga de zinco, e com tampa slide para tampar o sensor.<br \/>\n&#8211; Dispon\u00edvel em prata escovado.<br \/>\n&#8211; Possibilidade de cadastrar usu\u00e1rios a distancia pelo leitor digital USB.<br \/>\n&#8211; Mem\u00f3ria Flash: n\u00e3o perde os cadastros na falta de pilhas<\/p>\n","protected":false},"featured_media":157,"template":"","meta":{"_joinchat":[]},"product_cat":[19,26],"product_tag":[],"class_list":{"0":"post-91","1":"product","2":"type-product","3":"status-publish","4":"has-post-thumbnail","6":"product_cat-controle-de-acesso","7":"product_cat-fechaduras-eletronicas","9":"first","10":"instock","11":"shipping-taxable","12":"purchasable","13":"product-type-simple"},"_links":{"self":[{"href":"https:\/\/acessopontotech.com.br\/index.php\/wp-json\/wp\/v2\/product\/91","targetHints":{"allow":["GET"]}}],"collection":[{"href":"https:\/\/acessopontotech.com.br\/index.php\/wp-json\/wp\/v2\/product"}],"about":[{"href":"https:\/\/acessopontotech.com.br\/index.php\/wp-json\/wp\/v2\/types\/product"}],"version-history":[{"count":0,"href":"https:\/\/acessopontotech.com.br\/index.php\/wp-json\/wp\/v2\/product\/91\/revisions"}],"wp:featuredmedia":[{"embeddable":true,"href":"https:\/\/acessopontotech.com.br\/index.php\/wp-json\/wp\/v2\/media\/157"}],"wp:attachment":[{"href":"https:\/\/acessopontotech.com.br\/index.php\/wp-json\/wp\/v2\/media?parent=91"}],"wp:term":[{"taxonomy":"product_cat","embeddable":true,"href":"https:\/\/acessopontotech.com.br\/index.php\/wp-json\/wp\/v2\/product_cat?post=91"},{"taxonomy":"product_tag","embeddable":true,"href":"https:\/\/acessopontotech.com.br\/index.php\/wp-json\/wp\/v2\/product_tag?post=91"}],"curies":[{"name":"wp","href":"https:\/\/api.w.org\/{rel}","templated":true}]}}